{"id":601,"date":"2025-09-03T14:38:48","date_gmt":"2025-09-03T18:38:48","guid":{"rendered":"https:\/\/ooliedev.wpenginepowered.com\/shop\/"},"modified":"2026-01-29T10:55:29","modified_gmt":"2026-01-29T15:55:29","slug":"shop","status":"publish","type":"page","link":"https:\/\/ooliefoods.com\/es\/shop\/","title":{"rendered":"Shop"},"content":{"rendered":"<div class=\"wp-block-genesis-blocks-gb-columns gb-layout-columns-3 gb-3-col-equal gb-columns-center alignfull\" style=\"padding-right:20px;padding-bottom:20px;padding-left:20px\"><div class=\"gb-layout-column-wrap gb-block-layout-column-gap-3 gb-is-responsive-column\" style=\"max-width:1300px\">\n<div class=\"wp-block-genesis-blocks-gb-column gb-block-layout-column\"><div class=\"gb-block-layout-column-inner\" style=\"text-align:center\">\n<h1 class=\"wp-block-heading has-text-align-center\">MUESTREADORES <\/h1>\n\n\n\n<div style=\"height:10px\" aria-hidden=\"true\" class=\"wp-block-spacer\"><\/div>\n\n\n\n<figure class=\"wp-block-image size-large is-style-rounded zoomhover\"><a href=\"\/es\/product\/oolie-sampler\/\"><img decoding=\"async\" src=\"https:\/\/ooliefoods.com\/wp-content\/uploads\/2025\/10\/samplerpage_short-1024x688.jpg\" alt=\"\"\/><\/a><\/figure>\n\n\n\n<div style=\"height:30px\" aria-hidden=\"true\" class=\"wp-block-spacer\"><\/div>\n\n\n\n<h2 class=\"wp-block-heading\">Prueba todos los deliciosos sabores<\/h2>\n\n\n\n<p>Ya est\u00e1n aqu\u00ed tus paquetes de inicio de Oolie. Elige la muestra de salsa o la de yogur. Cada sabor, elaborado por chefs, es deliciosamente especial.<\/p>\n\n\n\n<div style=\"height:10px\" aria-hidden=\"true\" class=\"wp-block-spacer\"><\/div>\n\n\n\n<div class=\"wp-block-buttons is-content-justification-center is-layout-flex wp-container-core-buttons-is-layout-16018d1d wp-block-buttons-is-layout-flex\">\n<div class=\"wp-block-button buttonyellow\"><a class=\"wp-block-button__link wp-element-button\" href=\"\/es\/product\/oolie-sampler\/\">COMENZAR A MUESTRAR<\/a><\/div>\n<\/div>\n\n\n\n<div style=\"height:50px\" aria-hidden=\"true\" class=\"wp-block-spacer\"><\/div>\n<\/div><\/div>\n\n\n\n<div class=\"wp-block-genesis-blocks-gb-column productsyogurtcol gb-block-layout-column\"><div class=\"gb-block-layout-column-inner\" style=\"text-align:center\">\n<h1 class=\"wp-block-heading has-text-align-center\">PAQUETES<\/h1>\n\n\n\n<div style=\"height:10px\" aria-hidden=\"true\" class=\"wp-block-spacer\"><\/div>\n\n\n\n<figure class=\"wp-block-image size-large is-style-rounded zoomhover\"><a href=\"\/es\/product\/build-your-bundle\/\"><img decoding=\"async\" src=\"https:\/\/ooliefoods.com\/wp-content\/uploads\/2025\/10\/Bundlepage_short-1024x688.jpg\" alt=\"\" title=\"\"\/><\/a><\/figure>\n\n\n\n<div style=\"height:30px\" aria-hidden=\"true\" class=\"wp-block-spacer\"><\/div>\n\n\n\n<h2 class=\"wp-block-heading\">CREA TU PROPIO PAQUETE<\/h2>\n\n\n\n<p>Personaliza tu compra de Oolie con las salsas y yogures que m\u00e1s te gustan y llena tu refrigerador con prote\u00ednas limpias y deliciosas.<\/p>\n\n\n\n<div style=\"height:10px\" aria-hidden=\"true\" class=\"wp-block-spacer\"><\/div>\n\n\n\n<div class=\"wp-block-buttons is-content-justification-center is-layout-flex wp-container-core-buttons-is-layout-16018d1d wp-block-buttons-is-layout-flex\">\n<div class=\"wp-block-button buttonyellow\"><a class=\"wp-block-button__link wp-element-button\" href=\"\/es\/product\/build-your-bundle\/\">COMIENCE A PAQUETAR<\/a><\/div>\n<\/div>\n\n\n\n<div style=\"height:50px\" aria-hidden=\"true\" class=\"wp-block-spacer\"><\/div>\n<\/div><\/div>\n\n\n\n<div class=\"wp-block-genesis-blocks-gb-column gb-block-layout-column\"><div class=\"gb-block-layout-column-inner\">\n<h1 class=\"wp-block-heading has-text-align-center\">PEDIDO AL POR MAYOR<\/h1>\n\n\n\n<div style=\"height:10px\" aria-hidden=\"true\" class=\"wp-block-spacer\"><\/div>\n\n\n\n<figure class=\"wp-block-image size-large is-style-rounded zoomhover\"><a href=\"https:\/\/ooliefoods.com\/es\/product\/bulk-order\/\"><img loading=\"lazy\" decoding=\"async\" width=\"1024\" height=\"695\" src=\"https:\/\/ooliefoods.com\/wp-content\/uploads\/2026\/01\/bulkorders-1024x695.jpg\" alt=\"\" class=\"wp-image-1781\" title=\"\" srcset=\"https:\/\/ooliefoods.com\/wp-content\/uploads\/2026\/01\/bulkorders-1024x695.jpg 1024w, https:\/\/ooliefoods.com\/wp-content\/uploads\/2026\/01\/bulkorders-300x204.jpg 300w, https:\/\/ooliefoods.com\/wp-content\/uploads\/2026\/01\/bulkorders-768x521.jpg 768w, https:\/\/ooliefoods.com\/wp-content\/uploads\/2026\/01\/bulkorders-1200x814.jpg 1200w, https:\/\/ooliefoods.com\/wp-content\/uploads\/2026\/01\/bulkorders-1400x950.jpg 1400w, https:\/\/ooliefoods.com\/wp-content\/uploads\/2026\/01\/bulkorders-600x407.jpg 600w, https:\/\/ooliefoods.com\/wp-content\/uploads\/2026\/01\/bulkorders.jpg 1474w\" sizes=\"auto, (max-width: 1024px) 100vw, 1024px\" \/><\/a><\/figure>\n\n\n\n<div style=\"height:30px\" aria-hidden=\"true\" class=\"wp-block-spacer\"><\/div>\n\n\n\n<h2 class=\"wp-block-heading has-text-align-center\">\u00bfEst\u00e1s buscando comprar al por mayor?<\/h2>\n\n\n\n<p class=\"has-text-align-center\">Abast\u00e9cete de tus salsas y yogures ricos en prote\u00ednas favoritos a nuestro precio m\u00e1s bajo.<\/p>\n\n\n\n<div style=\"height:37px\" aria-hidden=\"true\" class=\"wp-block-spacer\"><\/div>\n\n\n\n<div class=\"wp-block-buttons is-content-justification-center is-layout-flex wp-container-core-buttons-is-layout-16018d1d wp-block-buttons-is-layout-flex\">\n<div class=\"wp-block-button buttonyellow\"><a class=\"wp-block-button__link wp-element-button\" href=\"\/es\/product\/bulk-order\/\">COMIENZA A GANAR VOLUMEN<\/a><\/div>\n<\/div>\n\n\n\n<div style=\"height:50px\" aria-hidden=\"true\" class=\"wp-block-spacer\"><\/div>\n<\/div><\/div>\n<\/div><\/div>\n\n\n\n<p><\/p>","protected":false},"excerpt":{"rendered":"","protected":false},"author":1,"featured_media":0,"parent":0,"menu_order":0,"comment_status":"closed","ping_status":"closed","template":"","meta":{"_genesis_block_theme_hide_title":true,"footnotes":""},"class_list":["post-601","page","type-page","status-publish","hentry","post","without-featured-image"],"yoast_head":"<!-- This site is optimized with the Yoast SEO plugin v27.3 - https:\/\/yoast.com\/product\/yoast-seo-wordpress\/ -->\n<title>Shop High Protein Dips and Yogurts - Oolie<\/title>\n<meta name=\"description\" content=\"Purchase Oolie high protein and dairy free dips and yogurts. Clean ingredients and yummy flavors delivered to your door.\" \/>\n<meta name=\"robots\" content=\"index, follow, max-snippet:-1, max-image-preview:large, max-video-preview:-1\" \/>\n<link rel=\"canonical\" href=\"https:\/\/ooliefoods.com\/es\/shop\/\" \/>\n<meta property=\"og:locale\" content=\"es_MX\" \/>\n<meta property=\"og:type\" content=\"article\" \/>\n<meta property=\"og:title\" content=\"Shop High Protein Dips and Yogurts - Oolie\" \/>\n<meta property=\"og:description\" content=\"Purchase Oolie high protein and dairy free dips and yogurts. Clean ingredients and yummy flavors delivered to your door.\" \/>\n<meta property=\"og:url\" content=\"https:\/\/ooliefoods.com\/es\/shop\/\" \/>\n<meta property=\"og:site_name\" content=\"Oolie\" \/>\n<meta property=\"article:publisher\" content=\"https:\/\/www.facebook.com\/profile.php?id=61573799692628\" \/>\n<meta property=\"article:modified_time\" content=\"2026-01-29T15:55:29+00:00\" \/>\n<meta property=\"og:image\" content=\"https:\/\/ooliefoods.com\/wp-content\/uploads\/2025\/10\/samplerpage_short-1024x688.jpg\" \/>\n<meta name=\"twitter:card\" content=\"summary_large_image\" \/>\n<meta name=\"twitter:label1\" content=\"Est. reading time\" \/>\n\t<meta name=\"twitter:data1\" content=\"1 minuto\" \/>\n<!-- \/ Yoast SEO plugin. -->","yoast_head_json":{"title":"Shop High Protein Dips and Yogurts - Oolie","description":"Purchase Oolie high protein and dairy free dips and yogurts. Clean ingredients and yummy flavors delivered to your door.","robots":{"index":"index","follow":"follow","max-snippet":"max-snippet:-1","max-image-preview":"max-image-preview:large","max-video-preview":"max-video-preview:-1"},"canonical":"https:\/\/ooliefoods.com\/es\/shop\/","og_locale":"es_MX","og_type":"article","og_title":"Shop High Protein Dips and Yogurts - Oolie","og_description":"Purchase Oolie high protein and dairy free dips and yogurts. Clean ingredients and yummy flavors delivered to your door.","og_url":"https:\/\/ooliefoods.com\/es\/shop\/","og_site_name":"Oolie","article_publisher":"https:\/\/www.facebook.com\/profile.php?id=61573799692628","article_modified_time":"2026-01-29T15:55:29+00:00","og_image":[{"url":"https:\/\/ooliefoods.com\/wp-content\/uploads\/2025\/10\/samplerpage_short-1024x688.jpg","type":"","width":"","height":""}],"twitter_card":"summary_large_image","twitter_misc":{"Est. reading time":"1 minuto"},"schema":{"@context":"https:\/\/schema.org","@graph":[{"@type":"WebPage","@id":"https:\/\/ooliefoods.com\/shop\/","url":"https:\/\/ooliefoods.com\/shop\/","name":"Shop High Protein Dips and Yogurts - Oolie","isPartOf":{"@id":"https:\/\/ooliefoods.com\/#website"},"primaryImageOfPage":{"@id":"https:\/\/ooliefoods.com\/shop\/#primaryimage"},"image":{"@id":"https:\/\/ooliefoods.com\/shop\/#primaryimage"},"thumbnailUrl":"https:\/\/ooliefoods.com\/wp-content\/uploads\/2025\/10\/samplerpage_short-1024x688.jpg","datePublished":"2025-09-03T18:38:48+00:00","dateModified":"2026-01-29T15:55:29+00:00","description":"Purchase Oolie high protein and dairy free dips and yogurts. Clean ingredients and yummy flavors delivered to your door.","breadcrumb":{"@id":"https:\/\/ooliefoods.com\/shop\/#breadcrumb"},"inLanguage":"es","potentialAction":[{"@type":"ReadAction","target":["https:\/\/ooliefoods.com\/shop\/"]}]},{"@type":"ImageObject","inLanguage":"es","@id":"https:\/\/ooliefoods.com\/shop\/#primaryimage","url":"https:\/\/ooliefoods.com\/wp-content\/uploads\/2025\/10\/samplerpage_short-1024x688.jpg","contentUrl":"https:\/\/ooliefoods.com\/wp-content\/uploads\/2025\/10\/samplerpage_short-1024x688.jpg"},{"@type":"BreadcrumbList","@id":"https:\/\/ooliefoods.com\/shop\/#breadcrumb","itemListElement":[{"@type":"ListItem","position":1,"name":"Home","item":"https:\/\/ooliefoods.com\/"},{"@type":"ListItem","position":2,"name":"Shop"}]},{"@type":"WebSite","@id":"https:\/\/ooliefoods.com\/#website","url":"https:\/\/ooliefoods.com\/","name":"Oolie Dips and Yogurts","description":"It&#039;s a New Era for Eggs","publisher":{"@id":"https:\/\/ooliefoods.com\/#organization"},"alternateName":"Oolie Foods","potentialAction":[{"@type":"SearchAction","target":{"@type":"EntryPoint","urlTemplate":"https:\/\/ooliefoods.com\/?s={search_term_string}"},"query-input":{"@type":"PropertyValueSpecification","valueRequired":true,"valueName":"search_term_string"}}],"inLanguage":"es"},{"@type":"Organization","@id":"https:\/\/ooliefoods.com\/#organization","name":"Oolie Foods","alternateName":"Oolie","url":"https:\/\/ooliefoods.com\/","logo":{"@type":"ImageObject","inLanguage":"es","@id":"https:\/\/ooliefoods.com\/#\/schema\/logo\/image\/","url":"https:\/\/ooliefoods.com\/wp-content\/uploads\/2025\/10\/OolieLogo-black.png","contentUrl":"https:\/\/ooliefoods.com\/wp-content\/uploads\/2025\/10\/OolieLogo-black.png","width":334,"height":137,"caption":"Oolie Foods"},"image":{"@id":"https:\/\/ooliefoods.com\/#\/schema\/logo\/image\/"},"sameAs":["https:\/\/www.facebook.com\/profile.php?id=61573799692628","https:\/\/www.linkedin.com\/company\/ooliefoods\/"]}]}},"featured_image_src":null,"featured_image_src_square":null,"_links":{"self":[{"href":"https:\/\/ooliefoods.com\/es\/wp-json\/wp\/v2\/pages\/601","targetHints":{"allow":["GET"]}}],"collection":[{"href":"https:\/\/ooliefoods.com\/es\/wp-json\/wp\/v2\/pages"}],"about":[{"href":"https:\/\/ooliefoods.com\/es\/wp-json\/wp\/v2\/types\/page"}],"author":[{"embeddable":true,"href":"https:\/\/ooliefoods.com\/es\/wp-json\/wp\/v2\/users\/1"}],"replies":[{"embeddable":true,"href":"https:\/\/ooliefoods.com\/es\/wp-json\/wp\/v2\/comments?post=601"}],"version-history":[{"count":0,"href":"https:\/\/ooliefoods.com\/es\/wp-json\/wp\/v2\/pages\/601\/revisions"}],"wp:attachment":[{"href":"https:\/\/ooliefoods.com\/es\/wp-json\/wp\/v2\/media?parent=601"}],"curies":[{"name":"wp","href":"https:\/\/api.w.org\/{rel}","templated":true}]}}