{"id":2066,"date":"2025-10-22T22:40:43","date_gmt":"2025-10-23T02:40:43","guid":{"rendered":"https:\/\/ooliefoods.com\/suscripciones\/"},"modified":"2026-02-23T09:23:39","modified_gmt":"2026-02-23T14:23:39","slug":"suscripciones","status":"publish","type":"page","link":"https:\/\/ooliefoods.com\/es\/suscripciones\/","title":{"rendered":"Suscripciones"},"content":{"rendered":"\n<div class=\"wp-block-genesis-blocks-gb-columns HPwave gb-layout-columns-1 one-column gb-has-custom-background-color gb-columns-center\" style=\"padding-right:30px;padding-left:30px;background-color:#6f2277\"><div class=\"gb-layout-column-wrap gb-block-layout-column-gap-2 gb-is-responsive-column\" style=\"max-width:1060px\">\n<div class=\"wp-block-genesis-blocks-gb-column animated fadeIn delay-500ms gb-block-layout-column\"><div class=\"gb-block-layout-column-inner\">\n<div style=\"height:100px\" aria-hidden=\"true\" class=\"wp-block-spacer\"><\/div>\n\n\n\n<h1 class=\"wp-block-heading has-text-align-center has-text-color has-link-color wp-elements-ab026ac118e2b81e62e3a0e0e8096fe1\" style=\"color:#fef5ea\">\u00bfNecesitas m\u00e1s Oolie?<\/h1>\n\n\n\n<div style=\"height:150px\" aria-hidden=\"true\" class=\"wp-block-spacer\"><\/div>\n<\/div><\/div>\n<\/div><\/div>\n\n<div class=\"wp-block-genesis-blocks-gb-columns contactrow gb-layout-columns-1 gb-1-col-equal gb-columns-center\" style=\"padding-top:50px;padding-right:20px;padding-bottom:40px;padding-left:20px\"><div class=\"gb-layout-column-wrap gb-block-layout-column-gap-2 gb-is-responsive-column\" style=\"max-width:600px\">\n<div class=\"wp-block-genesis-blocks-gb-column contactrow gb-block-layout-column\"><div class=\"gb-block-layout-column-inner\">\n<div class=\"wp-block-columns contact-forms is-layout-flex wp-container-core-columns-is-layout-9d6595d7 wp-block-columns-is-layout-flex\">\n<div class=\"wp-block-column animated fadeInUp delay-1s is-layout-flow wp-block-column-is-layout-flow\">\n<h2 class=\"wp-block-heading has-text-align-center\">\u00a1Entonces est\u00e1s de suerte!<\/h2>\n\n\n\n<p class=\"has-text-align-center\">\u00a1Las suscripciones a los packs de Oolie llegar\u00e1n pronto! Reg\u00edstrate para conseguir tu dosis de Oolie lo antes posible. Ent\u00e9rate de las novedades, recetas deliciosas y ventajas VIP. \u00bfY como ventaja adicional? Un 20 % de descuento en tu primer pedido de delicias a base de huevo.<\/p>\n\n\n<script>\nvar gform;gform||(document.addEventListener(\"gform_main_scripts_loaded\",function(){gform.scriptsLoaded=!0}),document.addEventListener(\"gform\/theme\/scripts_loaded\",function(){gform.themeScriptsLoaded=!0}),window.addEventListener(\"DOMContentLoaded\",function(){gform.domLoaded=!0}),gform={domLoaded:!1,scriptsLoaded:!1,themeScriptsLoaded:!1,isFormEditor:()=>\"function\"==typeof InitializeEditor,callIfLoaded:function(o){return!(!gform.domLoaded||!gform.scriptsLoaded||!gform.themeScriptsLoaded&&!gform.isFormEditor()||(gform.isFormEditor()&&console.warn(\"The use of gform.initializeOnLoaded() is deprecated in the form editor context and will be removed in Gravity Forms 3.1.\"),o(),0))},initializeOnLoaded:function(o){gform.callIfLoaded(o)||(document.addEventListener(\"gform_main_scripts_loaded\",()=>{gform.scriptsLoaded=!0,gform.callIfLoaded(o)}),document.addEventListener(\"gform\/theme\/scripts_loaded\",()=>{gform.themeScriptsLoaded=!0,gform.callIfLoaded(o)}),window.addEventListener(\"DOMContentLoaded\",()=>{gform.domLoaded=!0,gform.callIfLoaded(o)}))},hooks:{action:{},filter:{}},addAction:function(o,r,e,t){gform.addHook(\"action\",o,r,e,t)},addFilter:function(o,r,e,t){gform.addHook(\"filter\",o,r,e,t)},doAction:function(o){gform.doHook(\"action\",o,arguments)},applyFilters:function(o){return gform.doHook(\"filter\",o,arguments)},removeAction:function(o,r){gform.removeHook(\"action\",o,r)},removeFilter:function(o,r,e){gform.removeHook(\"filter\",o,r,e)},addHook:function(o,r,e,t,n){null==gform.hooks[o][r]&&(gform.hooks[o][r]=[]);var d=gform.hooks[o][r];null==n&&(n=r+\"_\"+d.length),gform.hooks[o][r].push({tag:n,callable:e,priority:t=null==t?10:t})},doHook:function(r,o,e){var t;if(e=Array.prototype.slice.call(e,1),null!=gform.hooks[r][o]&&((o=gform.hooks[r][o]).sort(function(o,r){return o.priority-r.priority}),o.forEach(function(o){\"function\"!=typeof(t=o.callable)&&(t=window[t]),\"action\"==r?t.apply(null,e):e[0]=t.apply(null,e)})),\"filter\"==r)return e[0]},removeHook:function(o,r,t,n){var e;null!=gform.hooks[o][r]&&(e=(e=gform.hooks[o][r]).filter(function(o,r,e){return!!(null!=n&&n!=o.tag||null!=t&&t!=o.priority)}),gform.hooks[o][r]=e)}});\n<\/script>\n\n                <div class='gf_browser_gecko gform_wrapper gform-theme gform-theme--foundation gform-theme--framework gform-theme--orbital contact-form-fans_wrapper contact-form_wrapper' data-form-theme='orbital' data-form-index='0' id='gform_wrapper_6' ><style>#gform_wrapper_6[data-form-index=\"0\"].gform-theme,[data-parent-form=\"6_0\"]{--gf-color-primary: #204ce5;--gf-color-primary-rgb: 32, 76, 229;--gf-color-primary-contrast: #fff;--gf-color-primary-contrast-rgb: 255, 255, 255;--gf-color-primary-darker: #001AB3;--gf-color-primary-lighter: #527EFF;--gf-color-secondary: #fff;--gf-color-secondary-rgb: 255, 255, 255;--gf-color-secondary-contrast: #112337;--gf-color-secondary-contrast-rgb: 17, 35, 55;--gf-color-secondary-darker: #F5F5F5;--gf-color-secondary-lighter: #FFFFFF;--gf-color-out-ctrl-light: rgba(17, 35, 55, 0.1);--gf-color-out-ctrl-light-rgb: 17, 35, 55;--gf-color-out-ctrl-light-darker: rgba(104, 110, 119, 0.35);--gf-color-out-ctrl-light-lighter: #F5F5F5;--gf-color-out-ctrl-dark: #585e6a;--gf-color-out-ctrl-dark-rgb: 88, 94, 106;--gf-color-out-ctrl-dark-darker: #112337;--gf-color-out-ctrl-dark-lighter: rgba(17, 35, 55, 0.65);--gf-color-in-ctrl: #fff;--gf-color-in-ctrl-rgb: 255, 255, 255;--gf-color-in-ctrl-contrast: #112337;--gf-color-in-ctrl-contrast-rgb: 17, 35, 55;--gf-color-in-ctrl-darker: #F5F5F5;--gf-color-in-ctrl-lighter: #FFFFFF;--gf-color-in-ctrl-primary: #204ce5;--gf-color-in-ctrl-primary-rgb: 32, 76, 229;--gf-color-in-ctrl-primary-contrast: #fff;--gf-color-in-ctrl-primary-contrast-rgb: 255, 255, 255;--gf-color-in-ctrl-primary-darker: #001AB3;--gf-color-in-ctrl-primary-lighter: #527EFF;--gf-color-in-ctrl-light: rgba(17, 35, 55, 0.1);--gf-color-in-ctrl-light-rgb: 17, 35, 55;--gf-color-in-ctrl-light-darker: rgba(104, 110, 119, 0.35);--gf-color-in-ctrl-light-lighter: #F5F5F5;--gf-color-in-ctrl-dark: #585e6a;--gf-color-in-ctrl-dark-rgb: 88, 94, 106;--gf-color-in-ctrl-dark-darker: #112337;--gf-color-in-ctrl-dark-lighter: rgba(17, 35, 55, 0.65);--gf-radius: 3px;--gf-font-size-secondary: 14px;--gf-font-size-tertiary: 13px;--gf-icon-ctrl-number: url(\"data:image\/svg+xml,%3Csvg width='8' height='14' viewBox='0 0 8 14' fill='none' xmlns='http:\/\/www.w3.org\/2000\/svg'%3E%3Cpath fill-rule='evenodd' clip-rule='evenodd' d='M4 0C4.26522 5.96046e-08 4.51957 0.105357 4.70711 0.292893L7.70711 3.29289C8.09763 3.68342 8.09763 4.31658 7.70711 4.70711C7.31658 5.09763 6.68342 5.09763 6.29289 4.70711L4 2.41421L1.70711 4.70711C1.31658 5.09763 0.683417 5.09763 0.292893 4.70711C-0.0976311 4.31658 -0.097631 3.68342 0.292893 3.29289L3.29289 0.292893C3.48043 0.105357 3.73478 0 4 0ZM0.292893 9.29289C0.683417 8.90237 1.31658 8.90237 1.70711 9.29289L4 11.5858L6.29289 9.29289C6.68342 8.90237 7.31658 8.90237 7.70711 9.29289C8.09763 9.68342 8.09763 10.3166 7.70711 10.7071L4.70711 13.7071C4.31658 14.0976 3.68342 14.0976 3.29289 13.7071L0.292893 10.7071C-0.0976311 10.3166 -0.0976311 9.68342 0.292893 9.29289Z' fill='rgba(17, 35, 55, 0.65)'\/%3E%3C\/svg%3E\");--gf-icon-ctrl-select: url(\"data:image\/svg+xml,%3Csvg width='10' height='6' viewBox='0 0 10 6' fill='none' xmlns='http:\/\/www.w3.org\/2000\/svg'%3E%3Cpath fill-rule='evenodd' clip-rule='evenodd' d='M0.292893 0.292893C0.683417 -0.097631 1.31658 -0.097631 1.70711 0.292893L5 3.58579L8.29289 0.292893C8.68342 -0.0976311 9.31658 -0.0976311 9.70711 0.292893C10.0976 0.683417 10.0976 1.31658 9.70711 1.70711L5.70711 5.70711C5.31658 6.09763 4.68342 6.09763 4.29289 5.70711L0.292893 1.70711C-0.0976311 1.31658 -0.0976311 0.683418 0.292893 0.292893Z' fill='rgba(17, 35, 55, 0.65)'\/%3E%3C\/svg%3E\");--gf-icon-ctrl-search: url(\"data:image\/svg+xml,%3Csvg width='640' height='640' xmlns='http:\/\/www.w3.org\/2000\/svg'%3E%3Cpath d='M256 128c-70.692 0-128 57.308-128 128 0 70.691 57.308 128 128 128 70.691 0 128-57.309 128-128 0-70.692-57.309-128-128-128zM64 256c0-106.039 85.961-192 192-192s192 85.961 192 192c0 41.466-13.146 79.863-35.498 111.248l154.125 154.125c12.496 12.496 12.496 32.758 0 45.254s-32.758 12.496-45.254 0L367.248 412.502C335.862 434.854 297.467 448 256 448c-106.039 0-192-85.962-192-192z' fill='rgba(17, 35, 55, 0.65)'\/%3E%3C\/svg%3E\");--gf-label-space-y-secondary: var(--gf-label-space-y-md-secondary);--gf-ctrl-border-color: #686e77;--gf-ctrl-size: var(--gf-ctrl-size-md);--gf-ctrl-label-color-primary: #112337;--gf-ctrl-label-color-secondary: #112337;--gf-ctrl-choice-size: var(--gf-ctrl-choice-size-md);--gf-ctrl-checkbox-check-size: var(--gf-ctrl-checkbox-check-size-md);--gf-ctrl-radio-check-size: var(--gf-ctrl-radio-check-size-md);--gf-ctrl-btn-font-size: var(--gf-ctrl-btn-font-size-md);--gf-ctrl-btn-padding-x: var(--gf-ctrl-btn-padding-x-md);--gf-ctrl-btn-size: var(--gf-ctrl-btn-size-md);--gf-ctrl-btn-border-color-secondary: #686e77;--gf-ctrl-file-btn-bg-color-hover: #EBEBEB;--gf-field-img-choice-size: var(--gf-field-img-choice-size-md);--gf-field-img-choice-card-space: var(--gf-field-img-choice-card-space-md);--gf-field-img-choice-check-ind-size: var(--gf-field-img-choice-check-ind-size-md);--gf-field-img-choice-check-ind-icon-size: var(--gf-field-img-choice-check-ind-icon-size-md);--gf-field-pg-steps-number-color: rgba(17, 35, 55, 0.8);}<\/style><form method='post' enctype='multipart\/form-data'  id='gform_6' class='contact-form-fans contact-form' action='\/es\/wp-json\/wp\/v2\/pages\/2066' data-formid='6' novalidate>\n                        <div class='gform-body gform_body'><div id='gform_fields_6' class='gform_fields top_label form_sublabel_below description_below validation_below'><fieldset id=\"field_6_1\" class=\"gfield gfield--type-name gfield--input-type-name field_sublabel_hidden_label gfield--no-description field_description_below hidden_label field_validation_below gfield_visibility_visible\"  ><legend class='gfield_label gform-field-label gfield_label_before_complex' >Name<\/legend><div class='ginput_complex ginput_container ginput_container--name no_prefix has_first_name no_middle_name has_last_name no_suffix gf_name_has_2 ginput_container_name gform-grid-row' id='input_6_1'>\n                            \n                            <span id='input_6_1_3_container' class='name_first gform-grid-col gform-grid-col--size-auto' >\n                                                    <input type='text' name='input_1.3' id='input_6_1_3' value=''   aria-required='false'   placeholder='First Name'  \/>\n                                                    <label for='input_6_1_3' class='gform-field-label gform-field-label--type-sub hidden_sub_label screen-reader-text'>First<\/label>\n                                                <\/span>\n                            \n                            <span id='input_6_1_6_container' class='name_last gform-grid-col gform-grid-col--size-auto' >\n                                                    <input type='text' name='input_1.6' id='input_6_1_6' value=''   aria-required='false'   placeholder='Last Name'  \/>\n                                                    <label for='input_6_1_6' class='gform-field-label gform-field-label--type-sub hidden_sub_label screen-reader-text'>Last<\/label>\n                                                <\/span>\n                            \n                        <\/div><\/fieldset><div id=\"field_6_4\" class=\"gfield gfield--type-email gfield--input-type-email gfield--width-full field_sublabel_below gfield--no-description field_description_below hidden_label field_validation_below gfield_visibility_visible\"  ><label class='gfield_label gform-field-label' for='input_6_4'>Email<\/label><div class='ginput_container ginput_container_email'>\n                            <input name='input_4' id='input_6_4' type='email' value='' class='large'   placeholder='Email'  aria-invalid=\"false\"  \/>\n                        <\/div><\/div><\/div><\/div>\n        <div class='gform-footer gform_footer top_label'> <input type='submit' id='gform_submit_button_6' class='gform_button button' onclick='gform.submission.handleButtonClick(this);' data-submission-type='submit' value='Sign Up &amp; Save'  \/> \n            <input type='hidden' class='gform_hidden' name='gform_submission_method' data-js='gform_submission_method_6' value='postback' \/>\n            <input type='hidden' class='gform_hidden' name='gform_theme' data-js='gform_theme_6' id='gform_theme_6' value='orbital' \/>\n            <input type='hidden' class='gform_hidden' name='gform_style_settings' data-js='gform_style_settings_6' id='gform_style_settings_6' value='{&quot;inputPrimaryColor&quot;:&quot;#204ce5&quot;}' \/>\n            <input type='hidden' class='gform_hidden' name='is_submit_6' value='1' \/>\n            <input type='hidden' class='gform_hidden' name='gform_submit' value='6' \/>\n            \n            <input type='hidden' class='gform_hidden' name='gform_currency' data-currency='USD' value='I6rc7Ocf3eRYQLcEDMTLhA6sVzcOP\/Gd2MShuFQ5rnwJzVKs0hCq26wpQkThEvPbeajEBrVePSkL1g1L1kpjZ0WoOtx17BifnwfVpgStxHcCr+k=' \/>\n            <input type='hidden' class='gform_hidden' name='gform_unique_id' value='' \/>\n            <input type='hidden' class='gform_hidden' name='state_6' value='WyJbXSIsIjAxZGIyMGMyZTQyYTZjM2Q1NTA2MTZjZWRiN2IzNjFjIl0=' \/>\n            <input type='hidden' autocomplete='off' class='gform_hidden' name='gform_target_page_number_6' id='gform_target_page_number_6' value='0' \/>\n            <input type='hidden' autocomplete='off' class='gform_hidden' name='gform_source_page_number_6' id='gform_source_page_number_6' value='1' \/>\n            <input type='hidden' name='gform_field_values' value='' \/>\n            \n        <\/div>\n                        <\/form>\n                        <\/div><script>\ngform.initializeOnLoaded( function() {gformInitSpinner( 6, 'https:\/\/ooliefoods.com\/wp-content\/plugins\/gravityforms\/images\/spinner.svg', false );jQuery('#gform_ajax_frame_6').on('load',function(){var contents = jQuery(this).contents().find('*').html();var is_postback = contents.indexOf('GF_AJAX_POSTBACK') >= 0;if(!is_postback){return;}var form_content = jQuery(this).contents().find('#gform_wrapper_6');var is_confirmation = jQuery(this).contents().find('#gform_confirmation_wrapper_6').length > 0;var is_redirect = contents.indexOf('gformRedirect(){') >= 0;var is_form = form_content.length > 0 && ! is_redirect && ! is_confirmation;var mt = parseInt(jQuery('html').css('margin-top'), 10) + parseInt(jQuery('body').css('margin-top'), 10) + 100;if(is_form){jQuery('#gform_wrapper_6').html(form_content.html());if(form_content.hasClass('gform_validation_error')){jQuery('#gform_wrapper_6').addClass('gform_validation_error');} else {jQuery('#gform_wrapper_6').removeClass('gform_validation_error');}setTimeout( function() { \/* delay the scroll by 50 milliseconds to fix a bug in chrome *\/  }, 50 );if(window['gformInitDatepicker']) {gformInitDatepicker();}if(window['gformInitPriceFields']) {gformInitPriceFields();}var current_page = jQuery('#gform_source_page_number_6').val();gformInitSpinner( 6, 'https:\/\/ooliefoods.com\/wp-content\/plugins\/gravityforms\/images\/spinner.svg', false );jQuery(document).trigger('gform_page_loaded', [6, current_page]);window['gf_submitting_6'] = false;}else if(!is_redirect){var confirmation_content = jQuery(this).contents().find('.GF_AJAX_POSTBACK').html();if(!confirmation_content){confirmation_content = contents;}jQuery('#gform_wrapper_6').replaceWith(confirmation_content);jQuery(document).trigger('gform_confirmation_loaded', [6]);window['gf_submitting_6'] = false;wp.a11y.speak(jQuery('#gform_confirmation_message_6').text());}else{jQuery('#gform_6').append(contents);if(window['gformRedirect']) {gformRedirect();}}jQuery(document).trigger(\"gform_pre_post_render\", [{ formId: \"6\", currentPage: \"current_page\", abort: function() { this.preventDefault(); } }]);        if (event && event.defaultPrevented) {                return;        }        const gformWrapperDiv = document.getElementById( \"gform_wrapper_6\" );        if ( gformWrapperDiv ) {            const visibilitySpan = document.createElement( \"span\" );            visibilitySpan.id = \"gform_visibility_test_6\";            gformWrapperDiv.insertAdjacentElement( \"afterend\", visibilitySpan );        }        const visibilityTestDiv = document.getElementById( \"gform_visibility_test_6\" );        let postRenderFired = false;        function triggerPostRender() {            if ( postRenderFired ) {                return;            }            postRenderFired = true;            gform.core.triggerPostRenderEvents( 6, current_page );            if ( visibilityTestDiv ) {                visibilityTestDiv.parentNode.removeChild( visibilityTestDiv );            }        }        function debounce( func, wait, immediate ) {            var timeout;            return function() {                var context = this, args = arguments;                var later = function() {                    timeout = null;                    if ( !immediate ) func.apply( context, args );                };                var callNow = immediate && !timeout;                clearTimeout( timeout );                timeout = setTimeout( later, wait );                if ( callNow ) func.apply( context, args );            };        }        const debouncedTriggerPostRender = debounce( function() {            triggerPostRender();        }, 200 );        if ( visibilityTestDiv && visibilityTestDiv.offsetParent === null ) {            const observer = new MutationObserver( ( mutations ) => {                mutations.forEach( ( mutation ) => {                    if ( mutation.type === 'attributes' && visibilityTestDiv.offsetParent !== null ) {                        debouncedTriggerPostRender();                        observer.disconnect();                    }                });            });            observer.observe( document.body, {                attributes: true,                childList: false,                subtree: true,                attributeFilter: [ 'style', 'class' ],            });        } else {            triggerPostRender();        }    } );} );\n<\/script>\n<\/div>\n<\/div>\n<\/div><\/div>\n<\/div><\/div>\n\n<figure class=\"wp-block-image size-full is-resized contact-butterfly1 animated fadeInTopLeft delay-2s shake-lr\"><img loading=\"lazy\" decoding=\"async\" width=\"272\" height=\"258\" src=\"https:\/\/ooliefoods.com\/wp-content\/uploads\/2025\/02\/iconEgg.png\" alt=\"icono de huevos\" class=\"wp-image-30\" style=\"width:250px\"\/><\/figure>\n\n<figure class=\"wp-block-image size-full is-resized contact-flower1 animated fadeInBottomRight delay-3s wobble-ver-right\"><img loading=\"lazy\" decoding=\"async\" width=\"500\" height=\"429\" src=\"https:\/\/ooliefoods.com\/wp-content\/uploads\/2025\/02\/butterflyyellow1.png\" alt=\"icono de mariposa\" class=\"wp-image-223\" style=\"width:250px\" srcset=\"https:\/\/ooliefoods.com\/wp-content\/uploads\/2025\/02\/butterflyyellow1.png 500w, https:\/\/ooliefoods.com\/wp-content\/uploads\/2025\/02\/butterflyyellow1-300x257.png 300w\" sizes=\"auto, (max-width: 500px) 100vw, 500px\" \/><\/figure>\n\n<figure class=\"wp-block-image size-full is-resized contact-flower2 animated fadeInLeft delay-500ms wobble-ver-left\"><img loading=\"lazy\" decoding=\"async\" width=\"600\" height=\"417\" src=\"https:\/\/ooliefoods.com\/wp-content\/uploads\/2025\/02\/floweryellow1.png\" alt=\"gr&#xE1;fico de flor\" class=\"wp-image-259\" style=\"width:250px\" srcset=\"https:\/\/ooliefoods.com\/wp-content\/uploads\/2025\/02\/floweryellow1.png 600w, https:\/\/ooliefoods.com\/wp-content\/uploads\/2025\/02\/floweryellow1-300x209.png 300w\" sizes=\"auto, (max-width: 600px) 100vw, 600px\" \/><\/figure>\n\n<figure class=\"wp-block-image size-full is-resized contact-butterfly2 animated fadeInBottomRight delay-500ms shake-lr2\"><img loading=\"lazy\" decoding=\"async\" width=\"272\" height=\"258\" src=\"https:\/\/ooliefoods.com\/wp-content\/uploads\/2025\/02\/iconTomato.png\" alt=\"icono de tomate\" class=\"wp-image-31\" style=\"width:250px\"\/><\/figure>\n\n<p><\/p>\n","protected":false},"excerpt":{"rendered":"","protected":false},"author":1,"featured_media":0,"parent":0,"menu_order":0,"comment_status":"closed","ping_status":"closed","template":"templates\/full-width.php","meta":{"_genesis_block_theme_hide_title":false,"footnotes":""},"class_list":["post-2066","page","type-page","status-publish","hentry","post","without-featured-image"],"yoast_head":"<!-- This site is optimized with the Yoast SEO plugin v27.3 - https:\/\/yoast.com\/product\/yoast-seo-wordpress\/ -->\n<title>Ahorra un 20 % en tu primer pedido de dips y yogures Oolie<\/title>\n<meta name=\"description\" content=\"\u00bfTienes alguna pregunta sobre los dips y yogures sin l\u00e1cteos de Oolie? \u00bfQuieres Oolie en tu tienda? Chatea con nosotros, estamos deseando saber de ti.\" \/>\n<meta name=\"robots\" content=\"index, follow, max-snippet:-1, max-image-preview:large, max-video-preview:-1\" \/>\n<link rel=\"canonical\" href=\"https:\/\/ooliefoods.com\/es\/?page_id=2066&lang=es\" \/>\n<meta property=\"og:locale\" content=\"es_MX\" \/>\n<meta property=\"og:type\" content=\"article\" \/>\n<meta property=\"og:title\" content=\"Ahorra un 20 % en tu primer pedido de dips y yogures Oolie\" \/>\n<meta property=\"og:description\" content=\"\u00bfTienes alguna pregunta sobre los dips y yogures sin l\u00e1cteos de Oolie? \u00bfQuieres Oolie en tu tienda? Chatea con nosotros, estamos deseando saber de ti.\" \/>\n<meta property=\"og:url\" content=\"https:\/\/ooliefoods.com\/es\/?page_id=2066&amp;lang=es\" \/>\n<meta property=\"og:site_name\" content=\"Oolie\" \/>\n<meta property=\"article:publisher\" content=\"https:\/\/www.facebook.com\/profile.php?id=61573799692628\" \/>\n<meta property=\"article:modified_time\" content=\"2026-02-23T14:23:39+00:00\" \/>\n<meta property=\"og:image\" content=\"https:\/\/ooliefoods.com\/wp-content\/uploads\/2025\/02\/iconEgg.png\" \/>\n<meta name=\"twitter:card\" content=\"summary_large_image\" \/>\n<!-- \/ Yoast SEO plugin. -->","yoast_head_json":{"title":"Ahorra un 20 % en tu primer pedido de dips y yogures Oolie","description":"\u00bfTienes alguna pregunta sobre los dips y yogures sin l\u00e1cteos de Oolie? \u00bfQuieres Oolie en tu tienda? Chatea con nosotros, estamos deseando saber de ti.","robots":{"index":"index","follow":"follow","max-snippet":"max-snippet:-1","max-image-preview":"max-image-preview:large","max-video-preview":"max-video-preview:-1"},"canonical":"https:\/\/ooliefoods.com\/es\/?page_id=2066&lang=es","og_locale":"es_MX","og_type":"article","og_title":"Ahorra un 20 % en tu primer pedido de dips y yogures Oolie","og_description":"\u00bfTienes alguna pregunta sobre los dips y yogures sin l\u00e1cteos de Oolie? \u00bfQuieres Oolie en tu tienda? Chatea con nosotros, estamos deseando saber de ti.","og_url":"https:\/\/ooliefoods.com\/es\/?page_id=2066&lang=es","og_site_name":"Oolie","article_publisher":"https:\/\/www.facebook.com\/profile.php?id=61573799692628","article_modified_time":"2026-02-23T14:23:39+00:00","og_image":[{"url":"https:\/\/ooliefoods.com\/wp-content\/uploads\/2025\/02\/iconEgg.png","type":"","width":"","height":""}],"twitter_card":"summary_large_image","schema":{"@context":"https:\/\/schema.org","@graph":[{"@type":"WebPage","@id":"https:\/\/ooliefoods.com\/?page_id=2066&lang=es","url":"https:\/\/ooliefoods.com\/?page_id=2066&lang=es","name":"Ahorra un 20 % en tu primer pedido de dips y yogures Oolie","isPartOf":{"@id":"https:\/\/ooliefoods.com\/#website"},"primaryImageOfPage":{"@id":"https:\/\/ooliefoods.com\/?page_id=2066&lang=es#primaryimage"},"image":{"@id":"https:\/\/ooliefoods.com\/?page_id=2066&lang=es#primaryimage"},"thumbnailUrl":"https:\/\/ooliefoods.com\/wp-content\/uploads\/2025\/02\/iconEgg.png","datePublished":"2025-10-23T02:40:43+00:00","dateModified":"2026-02-23T14:23:39+00:00","description":"\u00bfTienes alguna pregunta sobre los dips y yogures sin l\u00e1cteos de Oolie? \u00bfQuieres Oolie en tu tienda? Chatea con nosotros, estamos deseando saber de ti.","breadcrumb":{"@id":"https:\/\/ooliefoods.com\/?page_id=2066&lang=es#breadcrumb"},"inLanguage":"es","potentialAction":[{"@type":"ReadAction","target":["https:\/\/ooliefoods.com\/?page_id=2066&lang=es"]}]},{"@type":"ImageObject","inLanguage":"es","@id":"https:\/\/ooliefoods.com\/?page_id=2066&lang=es#primaryimage","url":"https:\/\/ooliefoods.com\/wp-content\/uploads\/2025\/02\/iconEgg.png","contentUrl":"https:\/\/ooliefoods.com\/wp-content\/uploads\/2025\/02\/iconEgg.png"},{"@type":"BreadcrumbList","@id":"https:\/\/ooliefoods.com\/?page_id=2066&lang=es#breadcrumb","itemListElement":[{"@type":"ListItem","position":1,"name":"Home","item":"https:\/\/ooliefoods.com\/"},{"@type":"ListItem","position":2,"name":"Suscripciones"}]},{"@type":"WebSite","@id":"https:\/\/ooliefoods.com\/#website","url":"https:\/\/ooliefoods.com\/","name":"Oolie Dips and Yogurts","description":"It&#039;s a New Era for Eggs","publisher":{"@id":"https:\/\/ooliefoods.com\/#organization"},"alternateName":"Oolie Foods","potentialAction":[{"@type":"SearchAction","target":{"@type":"EntryPoint","urlTemplate":"https:\/\/ooliefoods.com\/?s={search_term_string}"},"query-input":{"@type":"PropertyValueSpecification","valueRequired":true,"valueName":"search_term_string"}}],"inLanguage":"es"},{"@type":"Organization","@id":"https:\/\/ooliefoods.com\/#organization","name":"Oolie Foods","alternateName":"Oolie","url":"https:\/\/ooliefoods.com\/","logo":{"@type":"ImageObject","inLanguage":"es","@id":"https:\/\/ooliefoods.com\/#\/schema\/logo\/image\/","url":"https:\/\/ooliefoods.com\/wp-content\/uploads\/2025\/10\/OolieLogo-black.png","contentUrl":"https:\/\/ooliefoods.com\/wp-content\/uploads\/2025\/10\/OolieLogo-black.png","width":334,"height":137,"caption":"Oolie Foods"},"image":{"@id":"https:\/\/ooliefoods.com\/#\/schema\/logo\/image\/"},"sameAs":["https:\/\/www.facebook.com\/profile.php?id=61573799692628","https:\/\/www.linkedin.com\/company\/ooliefoods\/"]}]}},"featured_image_src":null,"featured_image_src_square":null,"_links":{"self":[{"href":"https:\/\/ooliefoods.com\/es\/wp-json\/wp\/v2\/pages\/2066","targetHints":{"allow":["GET"]}}],"collection":[{"href":"https:\/\/ooliefoods.com\/es\/wp-json\/wp\/v2\/pages"}],"about":[{"href":"https:\/\/ooliefoods.com\/es\/wp-json\/wp\/v2\/types\/page"}],"author":[{"embeddable":true,"href":"https:\/\/ooliefoods.com\/es\/wp-json\/wp\/v2\/users\/1"}],"replies":[{"embeddable":true,"href":"https:\/\/ooliefoods.com\/es\/wp-json\/wp\/v2\/comments?post=2066"}],"version-history":[{"count":0,"href":"https:\/\/ooliefoods.com\/es\/wp-json\/wp\/v2\/pages\/2066\/revisions"}],"wp:attachment":[{"href":"https:\/\/ooliefoods.com\/es\/wp-json\/wp\/v2\/media?parent=2066"}],"curies":[{"name":"wp","href":"https:\/\/api.w.org\/{rel}","templated":true}]}}