{"id":11,"date":"2025-01-28T14:33:42","date_gmt":"2025-01-28T14:33:42","guid":{"rendered":"https:\/\/ooliedev.wpenginepowered.com\/?page_id=11"},"modified":"2025-11-10T10:08:29","modified_gmt":"2025-11-10T15:08:29","slug":"products","status":"publish","type":"page","link":"https:\/\/ooliefoods.com\/es\/products\/","title":{"rendered":"PRODUCTOS RICOS EN PROTE\u00cdNAS"},"content":{"rendered":"<div class=\"wp-block-genesis-blocks-gb-columns gb-layout-columns-1 one-column gb-has-custom-background-color gb-columns-center\" style=\"background-color:#6f2277\"><div class=\"gb-layout-column-wrap gb-block-layout-column-gap-2 gb-is-responsive-column\" style=\"max-width:1060px\">\n<div class=\"wp-block-genesis-blocks-gb-column animated fadeIn delay-500ms gb-block-layout-column\"><div class=\"gb-block-layout-column-inner\">\n<div style=\"height:80px\" aria-hidden=\"true\" class=\"wp-block-spacer\"><\/div>\n\n\n\n<div style=\"height:70px\" aria-hidden=\"true\" class=\"wp-block-spacer hideonmobile\"><\/div>\n\n\n\n<h1 class=\"wp-block-heading has-text-align-center has-text-color has-link-color wp-elements-de8be2d222f1647889b3b120341d75b1\" style=\"color:#fef5ea\">Conoce la alineaci\u00f3n<\/h1>\n\n\n\n<h2 class=\"wp-block-heading has-text-align-center has-text-color has-link-color wp-elements-c10ed940c102d17bbfe8129bb40c64ae\" style=\"color:#fef5ea\">El futuro de los alimentos limpios y cremosos ya est\u00e1 aqu\u00ed<\/h2>\n<\/div><\/div>\n<\/div><\/div>\n\n\n\n<div class=\"wp-block-genesis-blocks-gb-columns HPwave hideonmobile1000 gb-layout-columns-2 gb-2-col-equal gb-has-custom-background-color alignfull\" style=\"background-color:#6f2277\"><div class=\"gb-layout-column-wrap gb-block-layout-column-gap-2 gb-is-responsive-column\">\n<div class=\"wp-block-genesis-blocks-gb-column animated fadeIn delay-500ms gb-block-layout-column\"><div class=\"gb-block-layout-column-inner\"><div class=\"wp-block-image animated slideInLeft slower lineupimg lineupimg1\">\n<figure class=\"alignleft size-full is-resized\"><img loading=\"lazy\" decoding=\"async\" width=\"970\" height=\"583\" src=\"https:\/\/ooliefoods.com\/wp-content\/uploads\/2025\/11\/Meetthelineup_header_left1-1.png\" alt=\"\" class=\"wp-image-1547\" style=\"width:600px\" srcset=\"https:\/\/ooliefoods.com\/wp-content\/uploads\/2025\/11\/Meetthelineup_header_left1-1.png 970w, https:\/\/ooliefoods.com\/wp-content\/uploads\/2025\/11\/Meetthelineup_header_left1-1-300x180.png 300w, https:\/\/ooliefoods.com\/wp-content\/uploads\/2025\/11\/Meetthelineup_header_left1-1-768x462.png 768w, https:\/\/ooliefoods.com\/wp-content\/uploads\/2025\/11\/Meetthelineup_header_left1-1-600x361.png 600w\" sizes=\"auto, (max-width: 970px) 100vw, 970px\" \/><\/figure>\n<\/div><\/div><\/div>\n\n\n\n<div class=\"wp-block-genesis-blocks-gb-column gb-block-layout-column\"><div class=\"gb-block-layout-column-inner\" style=\"text-align:right\"><div class=\"wp-block-image animated slideInRight slower lineupimg lineupimg2\">\n<figure class=\"alignright size-full is-resized\"><img loading=\"lazy\" decoding=\"async\" width=\"970\" height=\"583\" src=\"https:\/\/ooliefoods.com\/wp-content\/uploads\/2025\/11\/Meetthelineup_header_right1-1.png\" alt=\"\" class=\"wp-image-1548\" style=\"width:600px\" srcset=\"https:\/\/ooliefoods.com\/wp-content\/uploads\/2025\/11\/Meetthelineup_header_right1-1.png 970w, https:\/\/ooliefoods.com\/wp-content\/uploads\/2025\/11\/Meetthelineup_header_right1-1-300x180.png 300w, https:\/\/ooliefoods.com\/wp-content\/uploads\/2025\/11\/Meetthelineup_header_right1-1-768x462.png 768w, https:\/\/ooliefoods.com\/wp-content\/uploads\/2025\/11\/Meetthelineup_header_right1-1-600x361.png 600w\" sizes=\"auto, (max-width: 970px) 100vw, 970px\" \/><\/figure>\n<\/div>\n\n\n<div style=\"height:20px\" aria-hidden=\"true\" class=\"wp-block-spacer\"><\/div>\n<\/div><\/div>\n<\/div><\/div>\n\n\n\n<div class=\"wp-block-genesis-blocks-gb-columns HPwave hideondesktop1000 gb-layout-columns-1 gb-1-col-equal gb-has-custom-background-color alignfull\" style=\"background-color:#6f2277\"><div class=\"gb-layout-column-wrap gb-block-layout-column-gap-2 gb-is-responsive-column\">\n<div class=\"wp-block-genesis-blocks-gb-column animated fadeIn delay-500ms gb-block-layout-column gb-is-vertically-aligned-center\"><div class=\"gb-block-layout-column-inner\">\n<figure class=\"wp-block-image alignfull size-full animated fadeIn slower lineupimg3\"><img loading=\"lazy\" decoding=\"async\" width=\"1000\" height=\"288\" src=\"https:\/\/ooliefoods.com\/wp-content\/uploads\/2025\/10\/lineup-1.png\" alt=\"\" class=\"wp-image-844\" srcset=\"https:\/\/ooliefoods.com\/wp-content\/uploads\/2025\/10\/lineup-1.png 1000w, https:\/\/ooliefoods.com\/wp-content\/uploads\/2025\/10\/lineup-1-300x86.png 300w, https:\/\/ooliefoods.com\/wp-content\/uploads\/2025\/10\/lineup-1-768x221.png 768w, https:\/\/ooliefoods.com\/wp-content\/uploads\/2025\/10\/lineup-1-600x173.png 600w\" sizes=\"auto, (max-width: 1000px) 100vw, 1000px\" \/><\/figure>\n<\/div><\/div>\n<\/div><\/div>\n\n\n\n<div class=\"wp-block-genesis-blocks-gb-columns gb-layout-columns-2 gb-2-col-equal gb-columns-center\" style=\"padding-top:70px;padding-right:20px;padding-bottom:20px;padding-left:20px\"><div class=\"gb-layout-column-wrap gb-block-layout-column-gap-3 gb-is-responsive-column\" style=\"max-width:1300px\">\n<div class=\"wp-block-genesis-blocks-gb-column animated fadeInLeft delay-1s gb-block-layout-column\"><div class=\"gb-block-layout-column-inner\" style=\"text-align:center\">\n<h1 class=\"wp-block-heading has-text-align-center\">SALSAS<\/h1>\n\n\n\n<div style=\"height:10px\" aria-hidden=\"true\" class=\"wp-block-spacer\"><\/div>\n\n\n\n<figure class=\"wp-block-image size-large is-style-rounded zoomhover\"><a href=\"https:\/\/ooliefoods.com\/es\/products\/dips\/\"><img loading=\"lazy\" decoding=\"async\" width=\"1024\" height=\"828\" src=\"https:\/\/ooliefoods.com\/wp-content\/uploads\/2025\/02\/Dips-1-1024x828.jpg\" alt=\"stack of packaged Oolie dips\" class=\"wp-image-264\" srcset=\"https:\/\/ooliefoods.com\/wp-content\/uploads\/2025\/02\/Dips-1-1024x828.jpg 1024w, https:\/\/ooliefoods.com\/wp-content\/uploads\/2025\/02\/Dips-1-600x485.jpg 600w, https:\/\/ooliefoods.com\/wp-content\/uploads\/2025\/02\/Dips-1-300x242.jpg 300w, https:\/\/ooliefoods.com\/wp-content\/uploads\/2025\/02\/Dips-1-768x621.jpg 768w, https:\/\/ooliefoods.com\/wp-content\/uploads\/2025\/02\/Dips-1-1536x1241.jpg 1536w, https:\/\/ooliefoods.com\/wp-content\/uploads\/2025\/02\/Dips-1-1200x970.jpg 1200w, https:\/\/ooliefoods.com\/wp-content\/uploads\/2025\/02\/Dips-1-1400x1131.jpg 1400w, https:\/\/ooliefoods.com\/wp-content\/uploads\/2025\/02\/Dips-1.jpg 1600w\" sizes=\"auto, (max-width: 1024px) 100vw, 1024px\" \/><\/a><\/figure>\n\n\n\n<div style=\"height:30px\" aria-hidden=\"true\" class=\"wp-block-spacer\"><\/div>\n\n\n\n<p>Dips cremosos y ricos en prote\u00ednas que hacen que picar sea a\u00fan m\u00e1s divertido. Nuestros sabores, creados por chefs, combinan hierbas frescas, especias vibrantes e ingredientes saludables para crear dips naturales, apetitosos y con un toque extra delicioso. Perfectos para verduras, papas fritas, para untar o simplemente para disfrutarlos a cucharadas.<\/p>\n\n\n\n<div style=\"height:10px\" aria-hidden=\"true\" class=\"wp-block-spacer\"><\/div>\n\n\n\n<div class=\"wp-block-buttons is-content-justification-center is-layout-flex wp-container-core-buttons-is-layout-16018d1d wp-block-buttons-is-layout-flex\">\n<div class=\"wp-block-button buttonyellow\"><a class=\"wp-block-button__link wp-element-button\" href=\"https:\/\/ooliefoods.com\/es\/products\/dips\/\">Empezar a sumergir<\/a><\/div>\n<\/div>\n\n\n\n<div style=\"height:50px\" aria-hidden=\"true\" class=\"wp-block-spacer\"><\/div>\n<\/div><\/div>\n\n\n\n<div class=\"wp-block-genesis-blocks-gb-column productsyogurtcol animated fadeInRight delay-1s gb-block-layout-column\"><div class=\"gb-block-layout-column-inner\" style=\"text-align:center\">\n<h1 class=\"wp-block-heading has-text-align-center\">Yogures<\/h1>\n\n\n\n<div style=\"height:10px\" aria-hidden=\"true\" class=\"wp-block-spacer\"><\/div>\n\n\n\n<figure class=\"wp-block-image size-large is-style-rounded zoomhover\"><a href=\"\/es\/yogurts\/\"><img loading=\"lazy\" decoding=\"async\" width=\"1024\" height=\"827\" src=\"https:\/\/ooliefoods.com\/wp-content\/uploads\/2025\/08\/productoverview_yogurt_group-min-1024x827.jpg\" alt=\"\" class=\"wp-image-564\" title=\"\" srcset=\"https:\/\/ooliefoods.com\/wp-content\/uploads\/2025\/08\/productoverview_yogurt_group-min-1024x827.jpg 1024w, https:\/\/ooliefoods.com\/wp-content\/uploads\/2025\/08\/productoverview_yogurt_group-min-600x485.jpg 600w, https:\/\/ooliefoods.com\/wp-content\/uploads\/2025\/08\/productoverview_yogurt_group-min-300x242.jpg 300w, https:\/\/ooliefoods.com\/wp-content\/uploads\/2025\/08\/productoverview_yogurt_group-min-768x621.jpg 768w, https:\/\/ooliefoods.com\/wp-content\/uploads\/2025\/08\/productoverview_yogurt_group-min-1536x1241.jpg 1536w, https:\/\/ooliefoods.com\/wp-content\/uploads\/2025\/08\/productoverview_yogurt_group-min-1200x970.jpg 1200w, https:\/\/ooliefoods.com\/wp-content\/uploads\/2025\/08\/productoverview_yogurt_group-min-1400x1131.jpg 1400w, https:\/\/ooliefoods.com\/wp-content\/uploads\/2025\/08\/productoverview_yogurt_group-min.jpg 2000w\" sizes=\"auto, (max-width: 1024px) 100vw, 1024px\" \/><\/a><\/figure>\n\n\n\n<div style=\"height:30px\" aria-hidden=\"true\" class=\"wp-block-spacer\"><\/div>\n\n\n\n<p>Descubre la nueva era del yogur sin l\u00e1cteos. Incre\u00edblemente cremoso y naturalmente rico en prote\u00ednas. Nuestra innovadora base de huevo crea una textura sedosa, perfecta para desayunar, merendar o a\u00f1adir a tus recetas favoritas.<\/p>\n\n\n\n<div style=\"height:10px\" aria-hidden=\"true\" class=\"wp-block-spacer\"><\/div>\n\n\n\n<div class=\"wp-block-buttons is-content-justification-center is-layout-flex wp-container-core-buttons-is-layout-16018d1d wp-block-buttons-is-layout-flex\">\n<div class=\"wp-block-button buttonyellow\"><a class=\"wp-block-button__link wp-element-button\" href=\"https:\/\/ooliefoods.com\/es\/products\/yogurts\/\">Empieza a hacer cuchara<\/a><\/div>\n<\/div>\n\n\n\n<div style=\"height:50px\" aria-hidden=\"true\" class=\"wp-block-spacer\"><\/div>\n<\/div><\/div>\n<\/div><\/div>\n\n\n\n<div class=\"wp-block-genesis-blocks-gb-columns products-grid-container featured-recipes gb-layout-columns-1 one-column gb-columns-center\" style=\"margin-top:60px;margin-bottom:50px\"><div class=\"gb-layout-column-wrap gb-block-layout-column-gap-2 gb-is-responsive-column\" style=\"max-width:1200px\">\n<div class=\"wp-block-genesis-blocks-gb-column gb-block-layout-column\"><div class=\"gb-block-layout-column-inner\">\n<h1 class=\"wp-block-heading\">Recetas Destacadas<\/h1>\n\n\n<div class=\"recipes-grid\">\r\n<div class=\"pod-grid-recipe recipe1680 product-type-Dip\">\r\n\t<a href=\"https:\/\/ooliefoods.com\/es\/recipe\/mediterranean-tomato-braised-short-ribs\/\"><img decoding=\"async\" src=\"https:\/\/ooliefoods.com\/wp-content\/uploads\/2025\/12\/Website-Mediterranean-Tomato-Braised-Short-Ribs-1024x683.png\" alt=\"Mediterranean Tomato Braised Short Ribs\" \/><\/a>\r\n\t<a href=\"https:\/\/ooliefoods.com\/es\/recipe\/mediterranean-tomato-braised-short-ribs\/\">\r\n\t\t<h3 class=\"recipetitledesktop\" >Costillas estofadas con tomate mediterr\u00e1neo<\/h3>\r\n\t\t<h3 class=\"recipetitlemobile\">Costillas estofadas con tomate mediterr\u00e1neo<\/h3>\r\n\t<\/a>\r\n\t<a href=\"https:\/\/ooliefoods.com\/es\/recipe\/mediterranean-tomato-braised-short-ribs\/\"><p><p>Estas costillas cortas tiernas y f\u00e1ciles de deshacer se magullan con salsa de tomate mediterr\u00e1nea Oolie, vino tinto y caldo para obtener una cena rica y muy sabrosa con un sabor similar al de un restaurante, pero sin necesidad de preparaci\u00f3n.<\/p>\n<\/p><\/a>\r\n\t<a href=\"https:\/\/ooliefoods.com\/es\/recipe\/mediterranean-tomato-braised-short-ribs\/\"><p class=\"see-recipe\">VER RECETA<\/p><\/a>\r\n\t\r\n<\/div>\r\n\t\r\n<div class=\"pod-grid-recipe recipe2491 product-type-Yogurt\">\r\n\t<a href=\"https:\/\/ooliefoods.com\/es\/recipe\/mini-pavlovas-with-oolie-yogurt\/\"><img decoding=\"async\" src=\"https:\/\/ooliefoods.com\/wp-content\/uploads\/2026\/03\/2026.03-Pavlova-1-1024x683.jpg\" alt=\"Mini Pavlovas with Oolie Yogurt\u00a0\" \/><\/a>\r\n\t<a href=\"https:\/\/ooliefoods.com\/es\/recipe\/mini-pavlovas-with-oolie-yogurt\/\">\r\n\t\t<h3 class=\"recipetitledesktop\" style=\"padding:0 30px\">Mini Pavlovas with Oolie Yogurt\u00a0<\/h3>\r\n\t\t<h3 class=\"recipetitlemobile\">Mini Pavlovas with Oolie Yogurt\u00a0<\/h3>\r\n\t<\/a>\r\n\t<a href=\"https:\/\/ooliefoods.com\/es\/recipe\/mini-pavlovas-with-oolie-yogurt\/\"><p><p>These mini pavlovas are topped with Oolie Vanilla or Key Lime Yogurt for a light, dairy-free, make-ahead dessert perfect for spring entertaining.<\/p>\n<\/p><\/a>\r\n\t<a href=\"https:\/\/ooliefoods.com\/es\/recipe\/mini-pavlovas-with-oolie-yogurt\/\"><p class=\"see-recipe\">VER RECETA<\/p><\/a>\r\n\t\r\n<\/div>\r\n\t\r\n<div class=\"pod-grid-recipe recipe2489 product-type-Dip\">\r\n\t<a href=\"https:\/\/ooliefoods.com\/es\/recipe\/spicy-red-pepper-grilled-steak-with-lemon-arugula\/\"><img decoding=\"async\" src=\"https:\/\/ooliefoods.com\/wp-content\/uploads\/2026\/03\/2026.03-Steak-Salad-1024x683.jpg\" alt=\"Spicy Red Pepper Grilled Steak with Lemon Arugula\" \/><\/a>\r\n\t<a href=\"https:\/\/ooliefoods.com\/es\/recipe\/spicy-red-pepper-grilled-steak-with-lemon-arugula\/\">\r\n\t\t<h3 class=\"recipetitledesktop\" style=\"padding:0 30px\">FILETE A LA PLANCHA CON PIMIENTO ROJO PICANTE Y R\u00daCULA AL LIM\u00d3N<\/h3>\r\n\t\t<h3 class=\"recipetitlemobile\">FILETE A LA PLANCHA CON PIMIENTO ROJO PICANTE Y R\u00daCULA AL LIM\u00d3N<\/h3>\r\n\t<\/a>\r\n\t<a href=\"https:\/\/ooliefoods.com\/es\/recipe\/spicy-red-pepper-grilled-steak-with-lemon-arugula\/\"><p><p>Este filete a la parrilla utiliza la salsa picante de pimiento rojo Oolie como alternativa a la mantequilla compuesta sin l\u00e1cteos, que se derrite sobre el filete mientras reposa para un acabado intenso y sencillo.<\/p>\n<\/p><\/a>\r\n\t<a href=\"https:\/\/ooliefoods.com\/es\/recipe\/spicy-red-pepper-grilled-steak-with-lemon-arugula\/\"><p class=\"see-recipe\">VER RECETA<\/p><\/a>\r\n\t\r\n<\/div>\r\n\t<\/div>\n<\/div><\/div>\n<\/div><\/div>\n\n\n\n<div class=\"wp-block-buttons is-content-justification-center is-layout-flex wp-container-core-buttons-is-layout-5590e8cb wp-block-buttons-is-layout-flex\">\n<div class=\"wp-block-button recipe-filter-btn-all buttonyellow\"><a class=\"wp-block-button__link wp-element-button\" href=\"https:\/\/ooliefoods.com\/es\/recipes\/#recipes_grid\" style=\"font-style:normal;font-weight:600;text-transform:uppercase\">Ver todas las recetas<\/a><\/div>\n\n\n\n<div class=\"wp-block-button recipe-filter-btn-dip buttonyellow\"><a class=\"wp-block-button__link wp-element-button\" href=\"\/es\/recipes\/dip-recipes\/\" style=\"font-style:normal;font-weight:600;text-transform:uppercase\">Recetas de salsas<\/a><\/div>\n\n\n\n<div class=\"wp-block-button recipe-filter-btn-yogurt buttonyellow\"><a class=\"wp-block-button__link wp-element-button\" href=\"\/es\/recipes\/yogurt-recipes\/\" style=\"font-style:normal;font-weight:600;text-transform:uppercase\">Recetas de yogur<\/a><\/div>\n<\/div>\n\n\n\n<div style=\"height:80px\" aria-hidden=\"true\" class=\"wp-block-spacer\"><\/div>\n\n\n\n<figure class=\"wp-block-image size-full is-resized products-butterfly animated jackInTheBox delay-500ms shake-lr2\"><img loading=\"lazy\" decoding=\"async\" width=\"500\" height=\"429\" src=\"https:\/\/ooliefoods.com\/wp-content\/uploads\/2025\/02\/butterflyyellow1.png\" alt=\"Butterfly graphic\" class=\"wp-image-223\" style=\"width:250px\" srcset=\"https:\/\/ooliefoods.com\/wp-content\/uploads\/2025\/02\/butterflyyellow1.png 500w, https:\/\/ooliefoods.com\/wp-content\/uploads\/2025\/02\/butterflyyellow1-300x257.png 300w\" sizes=\"auto, (max-width: 500px) 100vw, 500px\" \/><\/figure>","protected":false},"excerpt":{"rendered":"","protected":false},"author":1,"featured_media":0,"parent":0,"menu_order":0,"comment_status":"closed","ping_status":"closed","template":"templates\/full-width.php","meta":{"_genesis_block_theme_hide_title":true,"footnotes":""},"class_list":["post-11","page","type-page","status-publish","hentry","post","without-featured-image"],"yoast_head":"<!-- This site is optimized with the Yoast SEO plugin v27.3 - https:\/\/yoast.com\/product\/yoast-seo-wordpress\/ -->\n<title>Oolie Dips and Yogurts<\/title>\n<meta name=\"description\" content=\"Meet the lineup of the future of clean, creamy egg based dips and yogurts packed with protein from Oolie Foods.\" \/>\n<meta name=\"robots\" content=\"index, follow, max-snippet:-1, max-image-preview:large, max-video-preview:-1\" \/>\n<link rel=\"canonical\" href=\"\/es\/https:\/\/ooliefoods.com\/es\/products\/\/\" \/>\n<meta property=\"og:locale\" content=\"en_US\" \/>\n<meta property=\"og:type\" content=\"article\" \/>\n<meta property=\"og:title\" content=\"Oolie Dips and Yogurts\" \/>\n<meta property=\"og:description\" content=\"Meet the lineup of the future of clean, creamy egg based dips and yogurts packed with protein from Oolie Foods.\" \/>\n<meta property=\"og:url\" content=\"\/es\/https:\/\/ooliefoods.com\/es\/products\/\/\" \/>\n<meta property=\"og:site_name\" content=\"Oolie\" \/>\n<meta property=\"article:publisher\" content=\"https:\/\/www.facebook.com\/profile.php?id=61573799692628\" \/>\n<meta property=\"article:modified_time\" content=\"2025-11-10T15:08:29+00:00\" \/>\n<meta property=\"og:image\" content=\"https:\/\/ooliefoods.com\/wp-content\/uploads\/2025\/11\/Meetthelineup_header_left1-1.png\" \/>\n\t<meta property=\"og:image:width\" content=\"970\" \/>\n\t<meta property=\"og:image:height\" content=\"583\" \/>\n\t<meta property=\"og:image:type\" content=\"image\/png\" \/>\n<meta name=\"twitter:card\" content=\"summary_large_image\" \/>\n<meta name=\"twitter:label1\" content=\"Est. reading time\" \/>\n\t<meta name=\"twitter:data1\" content=\"2 minutes\" \/>\n<!-- \/ Yoast SEO plugin. -->","yoast_head_json":{"title":"Oolie Dips and Yogurts","description":"Meet the lineup of the future of clean, creamy egg based dips and yogurts packed with protein from Oolie Foods.","robots":{"index":"index","follow":"follow","max-snippet":"max-snippet:-1","max-image-preview":"max-image-preview:large","max-video-preview":"max-video-preview:-1"},"canonical":"\/es\/https:\/\/ooliefoods.com\/es\/products\/\/","og_locale":"en_US","og_type":"article","og_title":"Oolie Dips and Yogurts","og_description":"Meet the lineup of the future of clean, creamy egg based dips and yogurts packed with protein from Oolie Foods.","og_url":"\/es\/https:\/\/ooliefoods.com\/es\/products\/\/","og_site_name":"Oolie","article_publisher":"https:\/\/www.facebook.com\/profile.php?id=61573799692628","article_modified_time":"2025-11-10T15:08:29+00:00","og_image":[{"width":970,"height":583,"url":"https:\/\/ooliefoods.com\/wp-content\/uploads\/2025\/11\/Meetthelineup_header_left1-1.png","type":"image\/png"}],"twitter_card":"summary_large_image","twitter_misc":{"Est. reading time":"2 minutes"},"schema":{"@context":"https:\/\/schema.org","@graph":[{"@type":"WebPage","@id":"https:\/\/ooliefoods.com\/es\/products\/","url":"https:\/\/ooliefoods.com\/es\/products\/","name":"Oolie Dips and Yogurts","isPartOf":{"@id":"https:\/\/ooliefoods.com\/#website"},"primaryImageOfPage":{"@id":"https:\/\/ooliefoods.com\/es\/products\/#primaryimage"},"image":{"@id":"https:\/\/ooliefoods.com\/es\/products\/#primaryimage"},"thumbnailUrl":"https:\/\/ooliefoods.com\/wp-content\/uploads\/2025\/11\/Meetthelineup_header_left1-1.png","datePublished":"2025-01-28T14:33:42+00:00","dateModified":"2025-11-10T15:08:29+00:00","description":"Meet the lineup of the future of clean, creamy egg based dips and yogurts packed with protein from Oolie Foods.","breadcrumb":{"@id":"https:\/\/ooliefoods.com\/es\/products\/#breadcrumb"},"inLanguage":"en-US","potentialAction":[{"@type":"ReadAction","target":["https:\/\/ooliefoods.com\/es\/products\/"]}]},{"@type":"ImageObject","inLanguage":"en-US","@id":"https:\/\/ooliefoods.com\/es\/products\/#primaryimage","url":"https:\/\/ooliefoods.com\/wp-content\/uploads\/2025\/11\/Meetthelineup_header_left1-1.png","contentUrl":"https:\/\/ooliefoods.com\/wp-content\/uploads\/2025\/11\/Meetthelineup_header_left1-1.png"},{"@type":"BreadcrumbList","@id":"https:\/\/ooliefoods.com\/es\/products\/#breadcrumb","itemListElement":[{"@type":"ListItem","position":1,"name":"Home","item":"https:\/\/ooliefoods.com\/"},{"@type":"ListItem","position":2,"name":"Products"}]},{"@type":"WebSite","@id":"https:\/\/ooliefoods.com\/#website","url":"https:\/\/ooliefoods.com\/","name":"Oolie Dips and Yogurts","description":"It&#039;s a New Era for Eggs","publisher":{"@id":"https:\/\/ooliefoods.com\/#organization"},"alternateName":"Oolie Foods","potentialAction":[{"@type":"SearchAction","target":{"@type":"EntryPoint","urlTemplate":"https:\/\/ooliefoods.com\/?s={search_term_string}"},"query-input":{"@type":"PropertyValueSpecification","valueRequired":true,"valueName":"search_term_string"}}],"inLanguage":"en-US"},{"@type":"Organization","@id":"https:\/\/ooliefoods.com\/#organization","name":"Oolie Foods","alternateName":"Oolie","url":"https:\/\/ooliefoods.com\/","logo":{"@type":"ImageObject","inLanguage":"en-US","@id":"https:\/\/ooliefoods.com\/#\/schema\/logo\/image\/","url":"https:\/\/ooliefoods.com\/wp-content\/uploads\/2025\/10\/OolieLogo-black.png","contentUrl":"https:\/\/ooliefoods.com\/wp-content\/uploads\/2025\/10\/OolieLogo-black.png","width":334,"height":137,"caption":"Oolie Foods"},"image":{"@id":"https:\/\/ooliefoods.com\/#\/schema\/logo\/image\/"},"sameAs":["https:\/\/www.facebook.com\/profile.php?id=61573799692628","https:\/\/www.linkedin.com\/company\/ooliefoods\/"]}]}},"featured_image_src":null,"featured_image_src_square":null,"_links":{"self":[{"href":"https:\/\/ooliefoods.com\/es\/wp-json\/wp\/v2\/pages\/11","targetHints":{"allow":["GET"]}}],"collection":[{"href":"https:\/\/ooliefoods.com\/es\/wp-json\/wp\/v2\/pages"}],"about":[{"href":"https:\/\/ooliefoods.com\/es\/wp-json\/wp\/v2\/types\/page"}],"author":[{"embeddable":true,"href":"https:\/\/ooliefoods.com\/es\/wp-json\/wp\/v2\/users\/1"}],"replies":[{"embeddable":true,"href":"https:\/\/ooliefoods.com\/es\/wp-json\/wp\/v2\/comments?post=11"}],"version-history":[{"count":0,"href":"https:\/\/ooliefoods.com\/es\/wp-json\/wp\/v2\/pages\/11\/revisions"}],"wp:attachment":[{"href":"https:\/\/ooliefoods.com\/es\/wp-json\/wp\/v2\/media?parent=11"}],"curies":[{"name":"wp","href":"https:\/\/api.w.org\/{rel}","templated":true}]}}