{"id":10,"date":"2025-01-28T14:33:27","date_gmt":"2025-01-28T14:33:27","guid":{"rendered":"https:\/\/ooliedev.wpenginepowered.com\/?page_id=10"},"modified":"2025-11-26T13:48:43","modified_gmt":"2025-11-26T18:48:43","slug":"about-us","status":"publish","type":"page","link":"https:\/\/ooliefoods.com\/es\/about-us\/","title":{"rendered":"About Us"},"content":{"rendered":"<div class=\"wp-block-genesis-blocks-gb-columns aboutheader aboutheader2 HPwave gb-layout-columns-1 one-column gb-has-custom-background-color gb-columns-center\" style=\"padding-right:20px;padding-left:20px;background-color:#6f2277;background-position:50% 31%\"><div class=\"gb-layout-column-wrap gb-block-layout-column-gap-2 gb-is-responsive-column\" style=\"max-width:620px\">\n<div class=\"wp-block-genesis-blocks-gb-column animated fadeIn delay-500ms gb-block-layout-column\"><div class=\"gb-block-layout-column-inner\">\n<div style=\"height:50px\" aria-hidden=\"true\" class=\"wp-block-spacer\"><\/div>\n\n\n\n<div style=\"height:50px\" aria-hidden=\"true\" class=\"wp-block-spacer aboutheader2imghide\"><\/div>\n\n\n\n<h1 class=\"wp-block-heading has-text-align-center has-text-color has-link-color wp-elements-330673b66e47bfabbc745f5f5c016ab6\" style=\"color:#fef5ea\">Huevos\u2026 Reinventados<\/h1>\n\n\n\n<p class=\"has-text-align-center has-text-color has-link-color wp-elements-504a6712f0c3c2c5a1a64146c2aacb8d\" style=\"color:#fef5ea\">\u00bfAlguna vez has intentado pelar huevos duros? No siempre cooperan, \u00bfverdad? En nuestras instalaciones, cocinamos y pelamos miles de huevos a diario, y no todos se pelan a la perfecci\u00f3n. \u00bfY qu\u00e9 pasa con los imperfectos? Los rescatamos. Estos huevos de gallinas camperas \"feos\" tienen una segunda vida en las deliciosas salsas y yogures Oolie's, ricos en prote\u00ednas. Menos desperdicio, m\u00e1s sabor.<\/p>\n\n\n\n<figure class=\"wp-block-image size-large aboutheader2img\"><img loading=\"lazy\" decoding=\"async\" width=\"1024\" height=\"409\" src=\"https:\/\/ooliefoods.com\/wp-content\/uploads\/2025\/11\/aboutheaderbg2-1024x409.jpg\" alt=\"\" class=\"wp-image-1550\" style=\"object-fit:cover\" srcset=\"https:\/\/ooliefoods.com\/wp-content\/uploads\/2025\/11\/aboutheaderbg2-1024x409.jpg 1024w, https:\/\/ooliefoods.com\/wp-content\/uploads\/2025\/11\/aboutheaderbg2-300x120.jpg 300w, https:\/\/ooliefoods.com\/wp-content\/uploads\/2025\/11\/aboutheaderbg2-768x307.jpg 768w, https:\/\/ooliefoods.com\/wp-content\/uploads\/2025\/11\/aboutheaderbg2-1536x614.jpg 1536w, https:\/\/ooliefoods.com\/wp-content\/uploads\/2025\/11\/aboutheaderbg2-1200x480.jpg 1200w, https:\/\/ooliefoods.com\/wp-content\/uploads\/2025\/11\/aboutheaderbg2-1400x560.jpg 1400w, https:\/\/ooliefoods.com\/wp-content\/uploads\/2025\/11\/aboutheaderbg2-600x240.jpg 600w, https:\/\/ooliefoods.com\/wp-content\/uploads\/2025\/11\/aboutheaderbg2.jpg 1713w\" sizes=\"auto, (max-width: 1024px) 100vw, 1024px\" \/><\/figure>\n\n\n\n<div style=\"height:170px\" aria-hidden=\"true\" class=\"wp-block-spacer aboutheader2imghide\"><\/div>\n<\/div><\/div>\n<\/div><\/div>\n\n\n\n<a id=\"who\"><\/a>\n\n\n\n<div class=\"wp-block-genesis-blocks-gb-columns eggrow gb-layout-columns-2 gb-2-col-equal gb-columns-center\" style=\"padding-top:70px;padding-right:20px;padding-bottom:20px;padding-left:20px\"><div class=\"gb-layout-column-wrap gb-block-layout-column-gap-3 gb-is-responsive-column\" style=\"max-width:1250px\">\n<div class=\"wp-block-genesis-blocks-gb-column gb-block-layout-column gb-is-vertically-aligned-center\"><div class=\"gb-block-layout-column-inner\">\n<figure class=\"wp-block-image size-large is-style-rounded animated bounceIn delay-200ms\"><img loading=\"lazy\" decoding=\"async\" width=\"1024\" height=\"643\" src=\"https:\/\/ooliefoods.com\/wp-content\/uploads\/2025\/02\/Rectangle-180-1024x643.jpg\" alt=\"Hand holding a dozen of eggs from free range chickens\" class=\"wp-image-217\" srcset=\"https:\/\/ooliefoods.com\/wp-content\/uploads\/2025\/02\/Rectangle-180-1024x643.jpg 1024w, https:\/\/ooliefoods.com\/wp-content\/uploads\/2025\/02\/Rectangle-180-600x377.jpg 600w, https:\/\/ooliefoods.com\/wp-content\/uploads\/2025\/02\/Rectangle-180-300x188.jpg 300w, https:\/\/ooliefoods.com\/wp-content\/uploads\/2025\/02\/Rectangle-180-768x482.jpg 768w, https:\/\/ooliefoods.com\/wp-content\/uploads\/2025\/02\/Rectangle-180-1536x964.jpg 1536w, https:\/\/ooliefoods.com\/wp-content\/uploads\/2025\/02\/Rectangle-180-2048x1285.jpg 2048w, https:\/\/ooliefoods.com\/wp-content\/uploads\/2025\/02\/Rectangle-180-1200x753.jpg 1200w, https:\/\/ooliefoods.com\/wp-content\/uploads\/2025\/02\/Rectangle-180-1400x879.jpg 1400w\" sizes=\"auto, (max-width: 1024px) 100vw, 1024px\" \/><\/figure>\n\n\n\n<div style=\"height:20px\" aria-hidden=\"true\" class=\"wp-block-spacer\"><\/div>\n<\/div><\/div>\n\n\n\n<div class=\"wp-block-genesis-blocks-gb-column animated fadeIn delay-500ms gb-block-layout-column gb-is-vertically-aligned-center\"><div class=\"gb-block-layout-column-inner\">\n<h2 class=\"wp-block-heading centermobile\">Huevos de gallinas camperas y frescas<\/h2>\n\n\n\n<p class=\"centermobile\">Nos asociamos con peque\u00f1as granjas familiares para obtener huevos de calidad de gallinas sanas. Damos un paso m\u00e1s al encontrar maneras de utilizar huevos en perfecto estado que, de otro modo, no se utilizar\u00edan en los sistemas alimentarios tradicionales. Cada producto Oolie transforma estos huevos en algo extraordinario, creando sabores incre\u00edbles a la vez que construye un sistema alimentario m\u00e1s sostenible. Es simplemente otra forma de hacer las cosas de forma diferente.<\/p>\n\n\n\n<figure class=\"wp-block-image size-full animated rotateInDownRight about-eggs delay-1s shake-lr2\"><img loading=\"lazy\" decoding=\"async\" width=\"272\" height=\"258\" src=\"https:\/\/ooliefoods.com\/wp-content\/uploads\/2025\/02\/iconEgg.png\" alt=\"egg graphic\" class=\"wp-image-30\"\/><\/figure>\n<\/div><\/div>\n<\/div><\/div>\n\n\n\n<div class=\"wp-block-genesis-blocks-gb-columns colreverse leafrow gb-layout-columns-2 gb-2-col-equal gb-columns-center\" style=\"padding-right:20px;padding-bottom:20px;padding-left:20px\"><div class=\"gb-layout-column-wrap gb-block-layout-column-gap-3 gb-is-responsive-column\" style=\"max-width:1200px\">\n<div class=\"wp-block-genesis-blocks-gb-column animated fadeIn delay-500ms gb-block-layout-column gb-is-vertically-aligned-center\"><div class=\"gb-block-layout-column-inner\">\n<h2 class=\"wp-block-heading centermobile\">Ingredientes sanos y sencillos<\/h2>\n\n\n\n<p class=\"centermobile\">Comer sano no deber\u00eda significar renunciar al sabor. Por eso combinamos hierbas frescas de granja, especias y productos de temporada con nuestra base de huevo rica en prote\u00ednas. \u00bfEl resultado? Alimentos extraordinariamente cremosos con listas de ingredientes cortas y sabores intensos y potentes. Porque a veces menos es m\u00e1s, sobre todo cuando empiezas con lo bueno.<\/p>\n\n\n\n<figure class=\"wp-block-image size-full is-resized about-leaves animated rotateInUpRight delay-500ms shake-lr3\"><img loading=\"lazy\" decoding=\"async\" width=\"600\" height=\"486\" src=\"https:\/\/ooliefoods.com\/wp-content\/uploads\/2025\/02\/leafyellow1.png\" alt=\"\" class=\"wp-image-248\" style=\"width:200px\" srcset=\"https:\/\/ooliefoods.com\/wp-content\/uploads\/2025\/02\/leafyellow1.png 600w, https:\/\/ooliefoods.com\/wp-content\/uploads\/2025\/02\/leafyellow1-300x243.png 300w\" sizes=\"auto, (max-width: 600px) 100vw, 600px\" \/><\/figure>\n<\/div><\/div>\n\n\n\n<div class=\"wp-block-genesis-blocks-gb-column gb-block-layout-column gb-is-vertically-aligned-center\"><div class=\"gb-block-layout-column-inner\">\n<figure class=\"wp-block-image size-large is-style-rounded animated bounceIn delay-200ms\"><img loading=\"lazy\" decoding=\"async\" width=\"1024\" height=\"606\" src=\"https:\/\/ooliefoods.com\/wp-content\/uploads\/2025\/10\/Aboutus_wholesomeingredients_1200x710-1024x606.jpg\" alt=\"\" class=\"wp-image-772\" srcset=\"https:\/\/ooliefoods.com\/wp-content\/uploads\/2025\/10\/Aboutus_wholesomeingredients_1200x710-1024x606.jpg 1024w, https:\/\/ooliefoods.com\/wp-content\/uploads\/2025\/10\/Aboutus_wholesomeingredients_1200x710-300x178.jpg 300w, https:\/\/ooliefoods.com\/wp-content\/uploads\/2025\/10\/Aboutus_wholesomeingredients_1200x710-768x454.jpg 768w, https:\/\/ooliefoods.com\/wp-content\/uploads\/2025\/10\/Aboutus_wholesomeingredients_1200x710-600x355.jpg 600w, https:\/\/ooliefoods.com\/wp-content\/uploads\/2025\/10\/Aboutus_wholesomeingredients_1200x710.jpg 1200w\" sizes=\"auto, (max-width: 1024px) 100vw, 1024px\" \/><\/figure>\n\n\n\n<div style=\"height:20px\" aria-hidden=\"true\" class=\"wp-block-spacer\"><\/div>\n<\/div><\/div>\n<\/div><\/div>\n\n\n\n<div class=\"wp-block-genesis-blocks-gb-columns gb-layout-columns-2 gb-2-col-equal gb-columns-center\" style=\"padding-right:20px;padding-bottom:70px;padding-left:20px\"><div class=\"gb-layout-column-wrap gb-block-layout-column-gap-3 gb-is-responsive-column\" style=\"max-width:1200px\">\n<div class=\"wp-block-genesis-blocks-gb-column gb-block-layout-column gb-is-vertically-aligned-center\"><div class=\"gb-block-layout-column-inner\">\n<figure class=\"wp-block-image size-large is-style-rounded animated bounceIn delay-200ms\"><img loading=\"lazy\" decoding=\"async\" width=\"1024\" height=\"642\" src=\"https:\/\/ooliefoods.com\/wp-content\/uploads\/2025\/10\/Aboutus_deliciouslyextra_1200x752-1024x642.jpg\" alt=\"\" class=\"wp-image-773\" srcset=\"https:\/\/ooliefoods.com\/wp-content\/uploads\/2025\/10\/Aboutus_deliciouslyextra_1200x752-1024x642.jpg 1024w, https:\/\/ooliefoods.com\/wp-content\/uploads\/2025\/10\/Aboutus_deliciouslyextra_1200x752-300x188.jpg 300w, https:\/\/ooliefoods.com\/wp-content\/uploads\/2025\/10\/Aboutus_deliciouslyextra_1200x752-768x481.jpg 768w, https:\/\/ooliefoods.com\/wp-content\/uploads\/2025\/10\/Aboutus_deliciouslyextra_1200x752-600x376.jpg 600w, https:\/\/ooliefoods.com\/wp-content\/uploads\/2025\/10\/Aboutus_deliciouslyextra_1200x752.jpg 1200w\" sizes=\"auto, (max-width: 1024px) 100vw, 1024px\" \/><\/figure>\n\n\n\n<div style=\"height:20px\" aria-hidden=\"true\" class=\"wp-block-spacer\"><\/div>\n<\/div><\/div>\n\n\n\n<div class=\"wp-block-genesis-blocks-gb-column animated fadeIn delay-500ms gb-block-layout-column gb-is-vertically-aligned-center\"><div class=\"gb-block-layout-column-inner\">\n<h2 class=\"wp-block-heading centermobile\">Deliciosamente Extra<\/h2>\n\n\n\n<p class=\"centermobile\">En Oolie, creemos en hacer m\u00e1s con menos. M\u00e1s sabor con ingredientes sencillos. M\u00e1s prote\u00edna de huevos rescatados. Textura m\u00e1s cremosa sin l\u00e1cteos ni rellenos. Se trata de tomar algo familiar y convertirlo en algo extraordinario. Porque si te apasiona la buena comida, \u00bfpor qu\u00e9 no ir un paso m\u00e1s all\u00e1?<\/p>\n<\/div><\/div>\n<\/div><\/div>\n\n\n\n<figure class=\"wp-block-image size-full is-resized animated fadeInRight about-flower-loop wobble-ver-right\"><img loading=\"lazy\" decoding=\"async\" width=\"600\" height=\"424\" src=\"https:\/\/ooliefoods.com\/wp-content\/uploads\/2025\/02\/floweryellow3.png\" alt=\"flower graphic\" class=\"wp-image-245\" style=\"width:300px\" srcset=\"https:\/\/ooliefoods.com\/wp-content\/uploads\/2025\/02\/floweryellow3.png 600w, https:\/\/ooliefoods.com\/wp-content\/uploads\/2025\/02\/floweryellow3-300x212.png 300w\" sizes=\"auto, (max-width: 600px) 100vw, 600px\" \/><\/figure>\n\n\n\n<div class=\"wp-block-genesis-blocks-gb-columns gb-layout-columns-1 one-column gb-has-custom-background-color gb-columns-center\" style=\"padding-top:70px;padding-right:30px;padding-bottom:70px;padding-left:30px;background-color:#6f2277\"><div class=\"gb-layout-column-wrap gb-block-layout-column-gap-2 gb-is-responsive-column\" style=\"max-width:600px\">\n<div class=\"wp-block-genesis-blocks-gb-column animated fadeInUp delay-500ms gb-block-layout-column\"><div class=\"gb-block-layout-column-inner\" style=\"text-align:center\">\n<h1 class=\"wp-block-heading has-text-align-center has-white-color has-text-color has-link-color wp-elements-c258901cf023a501f7df7e63f39bef98\">Colabora con nosotros<\/h1>\n\n\n\n<p class=\"has-white-color has-text-color has-link-color wp-elements-d3a215d47e71e2e9b5a1fe40da4a390d\">\u00bfQuieres colaborar con Oolie y ofrecer nuestra l\u00ednea de productos ricos en prote\u00ednas y sin l\u00e1cteos en tu tienda?<\/p>\n\n\n\n<div class=\"wp-block-buttons is-content-justification-center is-layout-flex wp-container-core-buttons-is-layout-16018d1d wp-block-buttons-is-layout-flex\">\n<div class=\"wp-block-button buttonyellow buttonyellowonblack\"><a class=\"wp-block-button__link wp-element-button\" href=\"https:\/\/ooliefoods.com\/es\/partners\/\">Cont\u00e1ctanos<\/a><\/div>\n<\/div>\n<\/div><\/div>\n<\/div><\/div>\n\n\n\n<div class=\"wp-block-genesis-blocks-gb-columns gb-layout-columns-1 one-column gb-has-custom-background-color gb-columns-center\" style=\"padding-top:70px;padding-bottom:70px;background-color:#ffc979\"><div class=\"gb-layout-column-wrap gb-block-layout-column-gap-2 gb-is-responsive-column\" style=\"max-width:1100px\">\n<div class=\"wp-block-genesis-blocks-gb-column animated fadeInUp delay-500ms gb-block-layout-column\"><div class=\"gb-block-layout-column-inner\" style=\"text-align:center\">\n<h1 class=\"wp-block-heading has-text-align-center\">La \u00faltima primicia<\/h1>\n\n\n<div class=\"blogpostholder\"><div class=\"blogpost\" data-no-translation=\"\">\r\n  <div class=\"blogimg\">\r\n    \r\n      <a href=\"https:\/\/www.bhg.com\/2026-food-awards-11922749#:~:text=Credit:%20Brie%20Goldman-,Big%20Dippers,-Whether%20you\u2019re%20hosting\" target=\"_blank\"><img decoding=\"async\" src=\"https:\/\/ooliefoods.com\/wp-content\/uploads\/2026\/04\/oolie-better-homes-gardens-1024x613.jpg\" alt=\"BHG\u2019s 2026 Food Awards\" data-no-translation=\"\" \/><\/a>\r\n    \r\n  <\/div>\r\n  <div class=\"blogtext\">\r\n    \r\n      <h3><a href=\"https:\/\/www.bhg.com\/2026-food-awards-11922749#:~:text=Credit:%20Brie%20Goldman-,Big%20Dippers,-Whether%20you\u2019re%20hosting\" target=\"_blank\">BHG\u2019s 2026 Food Awards<\/a><\/h3>\r\n      <p><p>Better Homes and Gardens names Oolie Foods&#8217; Yellow Curry Dip as Best High-Protein Dip<\/p>\n<\/p>\r\n      <p><a href=\"https:\/\/www.bhg.com\/2026-food-awards-11922749#:~:text=Credit:%20Brie%20Goldman-,Big%20Dippers,-Whether%20you\u2019re%20hosting\" target=\"_blank\" style=\"text-transform:uppercase;\">bhg.com<\/a><\/p>\r\n    \r\n    \r\n    \r\n  <\/div>\r\n<\/div><div class=\"blogpost\" data-no-translation=\"\">\r\n  <div class=\"blogimg\">\r\n    \r\n      <a href=\"https:\/\/progressivegrocer.com\/progressive-grocer-names-best-new-products-2026\" target=\"_blank\"><img decoding=\"async\" src=\"https:\/\/ooliefoods.com\/wp-content\/uploads\/2026\/04\/pg-best-picks-2026.png\" alt=\"Progressive Grocer Names the Best New Products of 2026\" data-no-translation=\"\" \/><\/a>\r\n    \r\n  <\/div>\r\n  <div class=\"blogtext\">\r\n    \r\n      <h3><a href=\"https:\/\/progressivegrocer.com\/progressive-grocer-names-best-new-products-2026\" target=\"_blank\">Progressive Grocer Names the Best New Products of 2026<\/a><\/h3>\r\n      <p><p>Oolie\u2019s Yellow Curry Dip redefines dairy-free dips with an egg-based formula that yields a creamy, rich texture without the use of dairy or fillers<\/p>\n<\/p>\r\n      <p><a href=\"https:\/\/progressivegrocer.com\/progressive-grocer-names-best-new-products-2026\" target=\"_blank\" style=\"text-transform:uppercase;\">progressivegrocer.com<\/a><\/p>\r\n    \r\n    \r\n    \r\n  <\/div>\r\n<\/div><\/div><\/div><\/div>\n<\/div><\/div>\n\n\n\n<div class=\"wp-block-genesis-blocks-gb-columns about3col animated fadeInUp delay-500ms gb-layout-columns-3 gb-3-col-equal gb-columns-center\" style=\"padding-top:70px;padding-right:20px;padding-bottom:20px;padding-left:20px\"><div class=\"gb-layout-column-wrap gb-block-layout-column-gap-3 gb-is-responsive-column\" style=\"max-width:1200px\">\n<div class=\"wp-block-genesis-blocks-gb-column gb-block-layout-column gb-is-vertically-aligned-top\"><div class=\"gb-block-layout-column-inner\" style=\"text-align:center\">\n<h2 class=\"wp-block-heading\">Nuestros productos<\/h2>\n\n\n\n<p>Descubre nuestra familia de deliciosos dips y yogures extra sin l\u00e1cteos, cremosos y ricos en prote\u00ednas, elaborados con ingredientes sencillos y saludables.<\/p>\n\n\n\n<div class=\"wp-block-buttons is-content-justification-center is-layout-flex wp-container-core-buttons-is-layout-16018d1d wp-block-buttons-is-layout-flex\">\n<div class=\"wp-block-button buttonyellow\"><a class=\"wp-block-button__link wp-element-button\" href=\"https:\/\/ooliefoods.com\/es\/products\/\">Explora los productos<\/a><\/div>\n<\/div>\n\n\n\n<div style=\"height:30px\" aria-hidden=\"true\" class=\"wp-block-spacer\"><\/div>\n<\/div><\/div>\n\n\n\n<div class=\"wp-block-genesis-blocks-gb-column gb-block-layout-column gb-is-vertically-aligned-top\"><div class=\"gb-block-layout-column-inner\" style=\"text-align:center\">\n<h2 class=\"wp-block-heading\">D\u00f3nde comprar<\/h2>\n\n\n\n<p>Encuentra productos Oolie en tiendas seleccionadas de todo el pa\u00eds. Llevamos la frescura, la frescura y la cremosidad a tu tienda m\u00e1s cercana.<\/p>\n\n\n\n<div class=\"wp-block-buttons is-content-justification-center is-layout-flex wp-container-core-buttons-is-layout-16018d1d wp-block-buttons-is-layout-flex\">\n<div class=\"wp-block-button buttonyellow\"><a class=\"wp-block-button__link wp-element-button\" href=\"https:\/\/ooliefoods.com\/es\/where-to-buy\/\">Encuentra una tienda<\/a><\/div>\n<\/div>\n\n\n\n<div style=\"height:30px\" aria-hidden=\"true\" class=\"wp-block-spacer\"><\/div>\n<\/div><\/div>\n\n\n\n<div class=\"wp-block-genesis-blocks-gb-column gb-block-layout-column gb-is-vertically-aligned-top\"><div class=\"gb-block-layout-column-inner\" style=\"text-align:center\">\n<h2 class=\"wp-block-heading\">Cont\u00e1ctanos<\/h2>\n\n\n\n<p>\u00bfPreguntas? \u00bfComentarios? \u00bfIdeas de recetas? Nos encantar\u00eda saber de ti. Nuestro equipo est\u00e1 aqu\u00ed para ayudarte a que tu experiencia Oolie sea extraordinaria.<\/p>\n\n\n\n<div class=\"wp-block-buttons is-content-justification-center is-layout-flex wp-container-core-buttons-is-layout-16018d1d wp-block-buttons-is-layout-flex\">\n<div class=\"wp-block-button buttonyellow\"><a class=\"wp-block-button__link wp-element-button\" href=\"https:\/\/ooliefoods.com\/es\/contact-us\/\">Cont\u00e1ctanos<\/a><\/div>\n<\/div>\n\n\n\n<div style=\"height:30px\" aria-hidden=\"true\" class=\"wp-block-spacer\"><\/div>\n<\/div><\/div>\n<\/div><\/div>\n\n\n\n<p><\/p>","protected":false},"excerpt":{"rendered":"","protected":false},"author":1,"featured_media":0,"parent":0,"menu_order":0,"comment_status":"closed","ping_status":"closed","template":"templates\/full-width.php","meta":{"_genesis_block_theme_hide_title":true,"footnotes":""},"class_list":["post-10","page","type-page","status-publish","hentry","post","without-featured-image"],"yoast_head":"<!-- This site is optimized with the Yoast SEO plugin v27.3 - https:\/\/yoast.com\/product\/yoast-seo-wordpress\/ -->\n<title>About Oolie Egg Based Yogurts and Dips<\/title>\n<meta name=\"description\" content=\"Clean eating shouldn\u2019t compromise on flavor. We combine farm-fresh herbs, spices, and peak-season produce with our protein-rich egg base\" \/>\n<meta name=\"robots\" content=\"index, follow, max-snippet:-1, max-image-preview:large, max-video-preview:-1\" \/>\n<link rel=\"canonical\" href=\"https:\/\/ooliefoods.com\/es\/about-us\/\" \/>\n<meta property=\"og:locale\" content=\"es_MX\" \/>\n<meta property=\"og:type\" content=\"article\" \/>\n<meta property=\"og:title\" content=\"About Oolie Egg Based Yogurts and Dips\" \/>\n<meta property=\"og:description\" content=\"Clean eating shouldn\u2019t compromise on flavor. We combine farm-fresh herbs, spices, and peak-season produce with our protein-rich egg base\" \/>\n<meta property=\"og:url\" content=\"https:\/\/ooliefoods.com\/es\/about-us\/\" \/>\n<meta property=\"og:site_name\" content=\"Oolie\" \/>\n<meta property=\"article:publisher\" content=\"https:\/\/www.facebook.com\/profile.php?id=61573799692628\" \/>\n<meta property=\"article:modified_time\" content=\"2025-11-26T18:48:43+00:00\" \/>\n<meta property=\"og:image\" content=\"https:\/\/ooliefoods.com\/wp-content\/uploads\/2025\/02\/Rectangle-180-1024x643.jpg\" \/>\n<meta name=\"twitter:card\" content=\"summary_large_image\" \/>\n<meta name=\"twitter:label1\" content=\"Est. reading time\" \/>\n\t<meta name=\"twitter:data1\" content=\"3 minutos\" \/>\n<!-- \/ Yoast SEO plugin. -->","yoast_head_json":{"title":"About Oolie Egg Based Yogurts and Dips","description":"Clean eating shouldn\u2019t compromise on flavor. We combine farm-fresh herbs, spices, and peak-season produce with our protein-rich egg base","robots":{"index":"index","follow":"follow","max-snippet":"max-snippet:-1","max-image-preview":"max-image-preview:large","max-video-preview":"max-video-preview:-1"},"canonical":"https:\/\/ooliefoods.com\/es\/about-us\/","og_locale":"es_MX","og_type":"article","og_title":"About Oolie Egg Based Yogurts and Dips","og_description":"Clean eating shouldn\u2019t compromise on flavor. We combine farm-fresh herbs, spices, and peak-season produce with our protein-rich egg base","og_url":"https:\/\/ooliefoods.com\/es\/about-us\/","og_site_name":"Oolie","article_publisher":"https:\/\/www.facebook.com\/profile.php?id=61573799692628","article_modified_time":"2025-11-26T18:48:43+00:00","og_image":[{"url":"https:\/\/ooliefoods.com\/wp-content\/uploads\/2025\/02\/Rectangle-180-1024x643.jpg","type":"","width":"","height":""}],"twitter_card":"summary_large_image","twitter_misc":{"Est. reading time":"3 minutos"},"schema":{"@context":"https:\/\/schema.org","@graph":[{"@type":"WebPage","@id":"https:\/\/ooliefoods.com\/about-us\/","url":"https:\/\/ooliefoods.com\/about-us\/","name":"About Oolie Egg Based Yogurts and Dips","isPartOf":{"@id":"https:\/\/ooliefoods.com\/#website"},"primaryImageOfPage":{"@id":"https:\/\/ooliefoods.com\/about-us\/#primaryimage"},"image":{"@id":"https:\/\/ooliefoods.com\/about-us\/#primaryimage"},"thumbnailUrl":"https:\/\/ooliefoods.com\/wp-content\/uploads\/2025\/02\/Rectangle-180-1024x643.jpg","datePublished":"2025-01-28T14:33:27+00:00","dateModified":"2025-11-26T18:48:43+00:00","description":"Clean eating shouldn\u2019t compromise on flavor. We combine farm-fresh herbs, spices, and peak-season produce with our protein-rich egg base","breadcrumb":{"@id":"https:\/\/ooliefoods.com\/about-us\/#breadcrumb"},"inLanguage":"es","potentialAction":[{"@type":"ReadAction","target":["https:\/\/ooliefoods.com\/about-us\/"]}]},{"@type":"ImageObject","inLanguage":"es","@id":"https:\/\/ooliefoods.com\/about-us\/#primaryimage","url":"https:\/\/ooliefoods.com\/wp-content\/uploads\/2025\/02\/Rectangle-180-1024x643.jpg","contentUrl":"https:\/\/ooliefoods.com\/wp-content\/uploads\/2025\/02\/Rectangle-180-1024x643.jpg"},{"@type":"BreadcrumbList","@id":"https:\/\/ooliefoods.com\/about-us\/#breadcrumb","itemListElement":[{"@type":"ListItem","position":1,"name":"Home","item":"https:\/\/ooliefoods.com\/"},{"@type":"ListItem","position":2,"name":"About Us"}]},{"@type":"WebSite","@id":"https:\/\/ooliefoods.com\/#website","url":"https:\/\/ooliefoods.com\/","name":"Oolie Dips and Yogurts","description":"It&#039;s a New Era for Eggs","publisher":{"@id":"https:\/\/ooliefoods.com\/#organization"},"alternateName":"Oolie Foods","potentialAction":[{"@type":"SearchAction","target":{"@type":"EntryPoint","urlTemplate":"https:\/\/ooliefoods.com\/?s={search_term_string}"},"query-input":{"@type":"PropertyValueSpecification","valueRequired":true,"valueName":"search_term_string"}}],"inLanguage":"es"},{"@type":"Organization","@id":"https:\/\/ooliefoods.com\/#organization","name":"Oolie Foods","alternateName":"Oolie","url":"https:\/\/ooliefoods.com\/","logo":{"@type":"ImageObject","inLanguage":"es","@id":"https:\/\/ooliefoods.com\/#\/schema\/logo\/image\/","url":"https:\/\/ooliefoods.com\/wp-content\/uploads\/2025\/10\/OolieLogo-black.png","contentUrl":"https:\/\/ooliefoods.com\/wp-content\/uploads\/2025\/10\/OolieLogo-black.png","width":334,"height":137,"caption":"Oolie Foods"},"image":{"@id":"https:\/\/ooliefoods.com\/#\/schema\/logo\/image\/"},"sameAs":["https:\/\/www.facebook.com\/profile.php?id=61573799692628","https:\/\/www.linkedin.com\/company\/ooliefoods\/"]}]}},"featured_image_src":null,"featured_image_src_square":null,"_links":{"self":[{"href":"https:\/\/ooliefoods.com\/es\/wp-json\/wp\/v2\/pages\/10","targetHints":{"allow":["GET"]}}],"collection":[{"href":"https:\/\/ooliefoods.com\/es\/wp-json\/wp\/v2\/pages"}],"about":[{"href":"https:\/\/ooliefoods.com\/es\/wp-json\/wp\/v2\/types\/page"}],"author":[{"embeddable":true,"href":"https:\/\/ooliefoods.com\/es\/wp-json\/wp\/v2\/users\/1"}],"replies":[{"embeddable":true,"href":"https:\/\/ooliefoods.com\/es\/wp-json\/wp\/v2\/comments?post=10"}],"version-history":[{"count":0,"href":"https:\/\/ooliefoods.com\/es\/wp-json\/wp\/v2\/pages\/10\/revisions"}],"wp:attachment":[{"href":"https:\/\/ooliefoods.com\/es\/wp-json\/wp\/v2\/media?parent=10"}],"curies":[{"name":"wp","href":"https:\/\/api.w.org\/{rel}","templated":true}]}}